{"id":70342,"date":"2021-11-30T13:38:45","date_gmt":"2021-11-30T13:38:45","guid":{"rendered":"https:\/\/www.bobex.be\/fr-be\/?page_id=70342"},"modified":"2022-02-21T08:32:12","modified_gmt":"2022-02-21T08:32:12","slug":"affiliate-marketeer","status":"publish","type":"page","link":"https:\/\/www.bobex.be\/fr-be\/travailler-chez-bobex\/affiliate-marketeer\/","title":{"rendered":"Affiliate Marketeer"},"content":{"rendered":"<div class=\"bg-white mt-4\">\n<section class=\"container\">\n<div class=\"row\">\n<div class=\"col-md-8\">\n<h2>Que fait Bobex ?<\/h2>\n<p>Bobex (www.bobex.be) est <strong>une place de march\u00e9 en ligne<\/strong>. Nous favorisons la rencontre entre l&rsquo;offre et la demande. Les particuliers font des demandes de devis sur mesure pour toutes sortes de produits ou services (par exemple, des panneaux solaires, des adoucisseurs d&rsquo;eau&#8230;). Les fournisseurs et les sp\u00e9cialistes (= nos clients) indiquent \u00e0 leur tour ce qu&rsquo;ils font et ce qu&rsquo;ils recherchent exactement. Bobex se charge du \u00ab\u00a0<strong>matching<\/strong>\u00a0\u00bb id\u00e9al entre les particuliers (ou entreprises) et les fournisseurs.<\/p>\n<\/div>\n<\/div>\n<\/section>\n<\/div>\n<div style=\"background-color: var(--home-banner-bg)\">\n<section class=\"container mt-0 mb-0 pt-5 pb-5\">\n<div class=\"row\">\n<div class=\"col-md-8\">\n<h2>Description de la fonction<\/h2>\n<ul>\n<li>Au sein de notre \u00e9quipe de marketeurs enthousiastes, vous g\u00e9rez notre <strong>r\u00e9seau de partenaires affili\u00e9s<\/strong>. Vous \u00eates \u00e0 la fois <strong>cr\u00e9atif<\/strong> et <strong>analytique<\/strong>, vous communiquez rapidement et clairement, et vous r\u00e9solvez les probl\u00e8mes de mani\u00e8re pragmatique.<\/li>\n<li>Vous vous occupez du contact avec notre vaste r\u00e9seau de partenaires existants (blogs, \u00e9diteurs, &#8230;) et <strong>recherchez de nouveaux partenaires<\/strong> avec qui travailler.<\/li>\n<li>Vous cr\u00e9ez vos propres <strong>campagnes en ligne de A \u00e0 Z.<\/strong> Vous r\u00e9alisez des pages de conversion, des newsletters et des banni\u00e8res qui convertissent et rapportent des leads.<\/li>\n<li>Vous n&rsquo;avez <strong>pas peur de n\u00e9gocier<\/strong> pour obtenir le meilleur accord et les budgets marketing \u00e9lev\u00e9s ne vous font pas peur.<\/li>\n<li>Vous analyserez toujours <strong>les r\u00e9sultats de vos campagnes<\/strong> et ferez un rapport \u00e0 votre digital marketing manager.<\/li>\n<\/ul>\n<\/div>\n<div class=\"d-none d-lg-block col-md-4\" style=\"margin-top: -180px\"><img alt=\"teamwork-bobex-colors.png\" decoding=\"async\" src=\"https:\/\/www.bobex.be\/wp-uploads\/sites\/2\/teamwork-bobex-colors.png\"><\/div>\n<\/div>\n<\/section>\n<\/div>\n<div class=\"bg-white\">\n<section class=\"container mt-0 mb-0 pt-5 pb-5\">\n<div class=\"col-md-12\">\n<h2>Votre profil<\/h2>\n<ul>\n<li>Vous \u00eates <strong>mordu(e) par le monde num\u00e9rique<\/strong> et le marketing en ligne.<\/li>\n<li>Vous \u00eates un(e) gendre\/belle-fille id\u00e9al(e) avec <strong>un discours fluide<\/strong> o\u00f9 tout le monde se sent \u00e0 l&rsquo;aise.<\/li>\n<li>Votre langue maternelle est le <strong>n\u00e9erlandais ou le fran\u00e7ais<\/strong> et vous avez d&rsquo;excellentes comp\u00e9tences en <strong>anglais<\/strong>.<\/li>\n<li>Vous \u00eates dou\u00e9 en communication visuelle et en <strong>graphisme<\/strong>.<\/li>\n<li><strong>Connaissance de SEA, SMA, Photoshop, HTML<\/strong>&#8230; est un atout, mais pas une obligation. L&rsquo;enthousiasme d&rsquo;apprendre, oui !<\/li>\n<li>Vous \u00eates organis\u00e9, <strong>ax\u00e9 sur les r\u00e9sultats<\/strong> et avez la discipline n\u00e9cessaire pour terminer les projets dans les d\u00e9tails. Le respect des d\u00e9lais est primordial pour vous.<\/li>\n<li>Vous aimez apprendre rapidement. Un<strong> nouveau d\u00e9fi<\/strong> ou une fa\u00e7on diff\u00e9rente de travailler ne vous effraie pas.<\/li>\n<li>La <strong>r\u00e9solution de probl\u00e8mes<\/strong> est une seconde nature pour vous. Vous \u00eates flexible et recherchez toujours un compromis.<\/li>\n<\/ul>\n<\/div>\n<\/section>\n<\/div>\n<div style=\"background-color: var(--home-banner-bg)\">\n<section class=\"container mt-0 mb-0 pt-5 pb-5\">\n<div class=\"col-md-12\">\n<h2>Offre et avantages<\/h2>\n<ul>\n<li>Nous vous offrons la possibilit\u00e9 de rejoindre une <strong>\u00e9quipe dynamique, passionn\u00e9e et internationale<\/strong> dans le monde passionnant de l&rsquo;Internet.<\/li>\n<li>Bobex est un laboratoire en <strong>constante \u00e9volution<\/strong>, vous aurez la possibilit\u00e9 d\u2019apporter vos id\u00e9es et de d\u00e9velopper pleinement vos comp\u00e9tences dans une soci\u00e9t\u00e9 ouverte.<\/li>\n<li>Nous offrons des <strong>formations<\/strong> internes ou externes si vous n\u2019avez pas toute l\u2019exp\u00e9rience requise.<\/li>\n<li>Nous vous offrons non seulement un salaire comp\u00e9titif, mais aussi <strong>un plan de bonus tr\u00e8s attractif<\/strong> et des opportunit\u00e9s d\u2019\u00e9volution au sein du groupe.<\/li>\n<li>Vous avez la possibilit\u00e9 de <strong>travailler \u00e0 domicile<\/strong>, et vous b\u00e9n\u00e9ficiez \u00e9galement d&rsquo;<strong>horaires flexibles.<\/strong><\/li>\n<li>Vous utiliserez les <strong>derni\u00e8res infrastructures informatiques<\/strong> : PC portable rapide, double \u00e9cran g\u00e9ant, &#8230;<\/li>\n<li>Vous b\u00e9n\u00e9ficierez \u00e9galement d&rsquo;une <strong>indemnit\u00e9<\/strong> de transport, d&rsquo;un plan pension et d&rsquo;autres avantages int\u00e9ressants.<\/li>\n<li>Vous profiterez \u00e9galement d&rsquo;une <strong>ambiance de travail tr\u00e8s agr\u00e9able<\/strong>, d&rsquo;un d\u00e9jeuner hebdomadaire avec toute l&rsquo;\u00e9quipe, de fruits frais et des teambuildings inoubliables.<\/li>\n<\/ul>\n<\/div>\n<\/section>\n<\/div>\n<div class=\"bg-white\">\n<section class=\"container mt-0 mb-0 pt-5 pb-5\">\n<div class=\"row align-items-center\">\n<div class=\"col-md-4 h1 m-0\" style=\"color: #10375e\">Le job est fait pour vous ?<\/div>\n<div class=\"col-md-8\" style=\"color: orangered;font-size: 20px\">Contactez-nous (CV + lettre de motivation) : jobs@bobex.com<\/div>\n<\/div>\n<\/section>\n<\/div>\n<div style=\"background-color: var(--home-banner-bg)\">\n<section class=\"container mt-0 mb-0 pt-5 pb-5\">\n<div class=\"row\">\n<div class=\"d-flex justify-content-center\"><a class=\"bobex-round-cta featured_business_link\" href=\"https:\/\/www.bobex.be\/fr-be\/travailler-chez-bobex\/\">Aper\u00e7u des jobs disponibles<\/a><\/div>\n<\/div>\n<\/section>\n<\/div>\n","protected":false},"excerpt":{"rendered":"<p>Que fait Bobex ? Bobex (www.bobex.be) est une place de march\u00e9 en ligne. Nous favorisons la rencontre entre l&rsquo;offre et la demande. Les particuliers font des demandes de devis sur mesure pour toutes sortes de produits ou services (par exemple, des panneaux solaires, des adoucisseurs d&rsquo;eau&#8230;). Les fournisseurs et les sp\u00e9cialistes (= nos clients) indiquent [&hellip;]<\/p>\n","protected":false},"author":2,"featured_media":0,"parent":4349,"menu_order":0,"comment_status":"closed","ping_status":"closed","template":"","meta":{"footnotes":""},"class_list":["post-70342","page","type-page","status-publish","hentry"],"_links":{"self":[{"href":"https:\/\/www.bobex.be\/fr-be\/wp-json\/wp\/v2\/pages\/70342","targetHints":{"allow":["GET"]}}],"collection":[{"href":"https:\/\/www.bobex.be\/fr-be\/wp-json\/wp\/v2\/pages"}],"about":[{"href":"https:\/\/www.bobex.be\/fr-be\/wp-json\/wp\/v2\/types\/page"}],"author":[{"embeddable":true,"href":"https:\/\/www.bobex.be\/fr-be\/wp-json\/wp\/v2\/users\/2"}],"replies":[{"embeddable":true,"href":"https:\/\/www.bobex.be\/fr-be\/wp-json\/wp\/v2\/comments?post=70342"}],"version-history":[{"count":5,"href":"https:\/\/www.bobex.be\/fr-be\/wp-json\/wp\/v2\/pages\/70342\/revisions"}],"predecessor-version":[{"id":84933,"href":"https:\/\/www.bobex.be\/fr-be\/wp-json\/wp\/v2\/pages\/70342\/revisions\/84933"}],"up":[{"embeddable":true,"href":"https:\/\/www.bobex.be\/fr-be\/wp-json\/wp\/v2\/pages\/4349"}],"wp:attachment":[{"href":"https:\/\/www.bobex.be\/fr-be\/wp-json\/wp\/v2\/media?parent=70342"}],"curies":[{"name":"wp","href":"https:\/\/api.w.org\/{rel}","templated":true}]}}