{"id":70315,"date":"2021-11-30T13:32:22","date_gmt":"2021-11-30T13:32:22","guid":{"rendered":"https:\/\/www.bobex.be\/fr-be\/?page_id=70315"},"modified":"2022-02-21T08:32:33","modified_gmt":"2022-02-21T08:32:33","slug":"job-etudiant-copywriter","status":"publish","type":"page","link":"https:\/\/www.bobex.be\/fr-be\/travailler-chez-bobex\/job-etudiant-copywriter\/","title":{"rendered":"Job \u00e9tudiant &#8211; Copywriter FR"},"content":{"rendered":"<div class=\"bg-white mt-4\">\n<section class=\"container\">\n<div class=\"row\">\n<div class=\"col-md-8\">\n<h2>Que fait Bobex ?<\/h2>\n<p>Bobex (www.bobex.be) est <strong>une place de march\u00e9 en ligne<\/strong>. Nous favorisons la rencontre entre l&rsquo;offre et la demande. Les particuliers font des demandes de devis sur mesure pour toutes sortes de produits ou services (par exemple, des panneaux solaires, des adoucisseurs d&rsquo;eau&#8230;). Les fournisseurs et les sp\u00e9cialistes (= nos clients) indiquent \u00e0 leur tour ce qu&rsquo;ils font et ce qu&rsquo;ils recherchent exactement. Bobex se charge du \u00ab\u00a0<strong>matching<\/strong>\u00a0\u00bb id\u00e9al entre les particuliers (ou entreprises) et les fournisseurs.<\/p>\n<\/div>\n<\/div>\n<\/section>\n<\/div>\n<div style=\"background-color: var(--home-banner-bg)\">\n<section class=\"container mt-0 mb-0 pt-5 pb-5\">\n<div class=\"row\">\n<div class=\"col-md-8\">\n<h2>Description de la fonction<\/h2>\n<ul>\n<li>Vous nous aiderez principalement \u00e0 <strong>r\u00e9diger de nouvelles pages pour notre site web mis \u00e0 jour<\/strong>. Vous effectuez des recherches sur les profils d&rsquo;entreprises et vous travaillez sur nos <strong>projets de SEO<\/strong>.<\/li>\n<li>Vous r\u00e9digez <strong>des textes optimis\u00e9s pour les moteurs de recherche<\/strong> pour nos diff\u00e9rents blogs. Bobex est actif dans plus de 130 cat\u00e9gories. Les sujets d\u2019\u00e9criture seront donc vari\u00e9s et enrichissants.<\/li>\n<li>Pour ce poste, vous suivez d\u2019abord une<strong> courte formation<\/strong> dans nos locaux, apr\u00e8s quoi vous travaillerez \u00e0 votre rythme depuis chez vous. Vous \u00eates toujours le bienvenu \u00e0 notre bureau pour en savoir plus sur le monde du marketing en ligne ou simplement demander des conseils.<\/li>\n<li>Vous faites partie de<strong> l&rsquo;\u00e9quipe marketing<\/strong> et travaillez en \u00e9troite collaboration avec l&rsquo;\u00e9quipe informatique.<\/li>\n<li>Vous analysez toujours les r\u00e9sultats de votre travail gr\u00e2ce \u00e0 <strong>l\u2019outil de conversion<\/strong> auquel vous aurez acc\u00e8s. Vous aurez \u00e9galement des feedbacks r\u00e9guliers de votre responsable en digital marketing.<\/li>\n<\/ul>\n<\/div>\n<div class=\"d-none d-lg-block col-md-4\" style=\"margin-top: -180px\"><img alt=\"teamwork-bobex-colors.png\" decoding=\"async\" src=\"https:\/\/www.bobex.be\/wp-uploads\/sites\/2\/teamwork-bobex-colors.png\"><\/div>\n<\/div>\n<\/section>\n<\/div>\n<div class=\"bg-white\">\n<section class=\"container mt-0 mb-0 pt-5 pb-5\">\n<div class=\"col-md-12\">\n<h2>Votre profil<\/h2>\n<ul>\n<li>Vous \u00eates <strong>passionn\u00e9(e) par le monde num\u00e9rique<\/strong> et le marketing en ligne.<\/li>\n<li>Vous poss\u00e9dez un v\u00e9ritable <strong>talent r\u00e9dactionnel<\/strong> et vous produisez des textes qualitatifs dans un fran\u00e7ais irr\u00e9prochable.<\/li>\n<li>Vous \u00eates organis\u00e9, <strong>ax\u00e9 sur les r\u00e9sultats<\/strong> et avez la discipline n\u00e9cessaire pour terminer les projets dans les d\u00e9tails. Le respect des d\u00e9lais est primordial pour vous.<\/li>\n<li>La connaissance du<strong> SEO, SEA, WordPress, Google Analytics<\/strong>&#8230; est un atout, mais pas une obligation. L&rsquo;enthousiasme et la volont\u00e9 d&rsquo;apprendre, oui !<\/li>\n<\/ul>\n<\/div>\n<\/section>\n<\/div>\n<div style=\"background-color: var(--home-banner-bg)\">\n<section class=\"container mt-0 mb-0 pt-5 pb-5\">\n<div class=\"col-md-12\">\n<h2>Offre et avantages<\/h2>\n<ul>\n<li>Nous vous offrons la possibilit\u00e9 de rejoindre une <strong>\u00e9quipe dynamique, passionn\u00e9e et internationale<\/strong> dans le monde passionnant de l&rsquo;Internet.<\/li>\n<li>Bobex est un laboratoire en <strong>constante \u00e9volution<\/strong>, vous aurez la possibilit\u00e9 d\u2019apporter vos id\u00e9es et de d\u00e9velopper pleinement vos comp\u00e9tences dans une soci\u00e9t\u00e9 ouverte.<\/li>\n<li>Nous offrons des <strong>formations<\/strong> internes ou externes si vous n\u2019avez pas toute l\u2019exp\u00e9rience requise.<\/li>\n<li>Vous avez la possibilit\u00e9 de <strong>travailler \u00e0 domicile<\/strong>, et vous b\u00e9n\u00e9ficiez \u00e9galement d&rsquo;<strong>horaires flexibles.<\/strong><\/li>\n<li>Vous utiliserez les <strong>derni\u00e8res infrastructures informatiques<\/strong> : PC portable rapide, double \u00e9cran g\u00e9ant, &#8230;<\/li>\n<li>Vous profiterez \u00e9galement d&rsquo;une <strong>ambiance de travail tr\u00e8s agr\u00e9able<\/strong>, d&rsquo;un d\u00e9jeuner hebdomadaire avec toute l&rsquo;\u00e9quipe, de fruits frais et des teambuildings inoubliables.<\/li>\n<\/ul>\n<\/div>\n<\/section>\n<\/div>\n<div class=\"bg-white\">\n<section class=\"container mt-0 mb-0 pt-5 pb-5\">\n<div class=\"row align-items-center\">\n<div class=\"col-md-4 h1 m-0\" style=\"color: #10375e\">Le job est fait pour vous ?<\/div>\n<div class=\"col-md-8\" style=\"color: orangered;font-size: 20px\">Contactez-nous (CV + lettre de motivation) : jobs@bobex.com<\/div>\n<\/div>\n<\/section>\n<\/div>\n<div style=\"background-color: var(--home-banner-bg)\">\n<section class=\"container mt-0 mb-0 pt-5 pb-5\">\n<div class=\"row\">\n<div class=\"d-flex justify-content-center\"><a class=\"bobex-round-cta featured_business_link\" href=\"https:\/\/www.bobex.be\/fr-be\/travailler-chez-bobex\/\">Aper\u00e7u des jobs disponibles<\/a><\/div>\n<\/div>\n<\/section>\n<\/div>\n","protected":false},"excerpt":{"rendered":"<p>Que fait Bobex ? Bobex (www.bobex.be) est une place de march\u00e9 en ligne. Nous favorisons la rencontre entre l&rsquo;offre et la demande. Les particuliers font des demandes de devis sur mesure pour toutes sortes de produits ou services (par exemple, des panneaux solaires, des adoucisseurs d&rsquo;eau&#8230;). Les fournisseurs et les sp\u00e9cialistes (= nos clients) indiquent [&hellip;]<\/p>\n","protected":false},"author":2,"featured_media":0,"parent":4349,"menu_order":0,"comment_status":"closed","ping_status":"closed","template":"","meta":{"footnotes":""},"class_list":["post-70315","page","type-page","status-publish","hentry"],"_links":{"self":[{"href":"https:\/\/www.bobex.be\/fr-be\/wp-json\/wp\/v2\/pages\/70315","targetHints":{"allow":["GET"]}}],"collection":[{"href":"https:\/\/www.bobex.be\/fr-be\/wp-json\/wp\/v2\/pages"}],"about":[{"href":"https:\/\/www.bobex.be\/fr-be\/wp-json\/wp\/v2\/types\/page"}],"author":[{"embeddable":true,"href":"https:\/\/www.bobex.be\/fr-be\/wp-json\/wp\/v2\/users\/2"}],"replies":[{"embeddable":true,"href":"https:\/\/www.bobex.be\/fr-be\/wp-json\/wp\/v2\/comments?post=70315"}],"version-history":[{"count":4,"href":"https:\/\/www.bobex.be\/fr-be\/wp-json\/wp\/v2\/pages\/70315\/revisions"}],"predecessor-version":[{"id":84936,"href":"https:\/\/www.bobex.be\/fr-be\/wp-json\/wp\/v2\/pages\/70315\/revisions\/84936"}],"up":[{"embeddable":true,"href":"https:\/\/www.bobex.be\/fr-be\/wp-json\/wp\/v2\/pages\/4349"}],"wp:attachment":[{"href":"https:\/\/www.bobex.be\/fr-be\/wp-json\/wp\/v2\/media?parent=70315"}],"curies":[{"name":"wp","href":"https:\/\/api.w.org\/{rel}","templated":true}]}}