{"id":56888,"date":"2021-10-07T15:27:34","date_gmt":"2021-10-07T15:27:34","guid":{"rendered":"https:\/\/www.bobex.be\/fr-be\/?page_id=56888"},"modified":"2026-01-13T07:23:43","modified_gmt":"2026-01-13T07:23:43","slug":"a-propos","status":"publish","type":"page","link":"https:\/\/www.bobex.be\/fr-be\/a-propos\/","title":{"rendered":"Le pionnier du rapprochement de l\u2019offre et la demande depuis d\u00e9j\u00e0 24 ans"},"content":{"rendered":"<div class=\"container py-4\">\n<h2>Que fait Bobex ?<\/h2>\n<p>Bobex est un peu l&rsquo;\u00e9quivalent d&rsquo;un site de rencontre : nous mettons en relation l&rsquo;offre et la demande. Les particuliers et les entreprises effectuent gratuitement des demandes de devis sur mesure pour toutes sortes de produits ou de services. Les fournisseurs et les sp\u00e9cialistes indiquent \u00e0 leur tour ce qu&rsquo;ils font et le type de clients qu&rsquo;ils recherchent. Bobex s&rsquo;occupe du \u00ab\u00a0matching\u00a0\u00bb entre les clients id\u00e9aux et les fournisseurs id\u00e9aux.<\/p>\n<div class=\"row\">\n<div class=\"col-md-8\">\n<h3>\u00c0 la recherche des devis ? Voici comment cela fonctionne<\/h3>\n<p>Recherchez les produits ou services pour lesquels vous avez besoin d&rsquo;un sp\u00e9cialiste. Panneaux solaires, travaux de toiture, terminaux de paiement&#8230; Avec plus de 150 cat\u00e9gories, il y a de fortes chances que nous puissions vous aider. Ensuite vous remplissez le formulaire.<\/p>\n<p>Nous vous appellerons dans les 48 heures pour compl\u00e9ter votre demande et la transmettre aux meilleurs sp\u00e9cialistes. Ils vous contacteront \u00e0 leur tour et vous fourniront un devis gratuit et personnalis\u00e9. Vous pourrez comparer sans engagement.<\/p>\n<p>Nous vous mettons donc en contact avec des prestataires de services et vous d\u00e9cidez avec qui vous voulez travailler ou non et dans quelles conditions. Pour vous aider \u00e0 choisir, vous pouvez consulter les \u00e9valuations de ces entreprises laiss\u00e9es par les utilisateurs pr\u00e9c\u00e9dents. Plus tard, vous pourrez vous-m\u00eame donner votre avis.<\/p>\n<p>Bobex est un interm\u00e9diaire neutre et ne vend pas elle-m\u00eame de produits. Notre r\u00f4le se limite \u00e0 mettre les parties en contact. Nos services sont gratuits, mais pour maintenir cette gratuit\u00e9, nous recevons des r\u00e9mun\u00e9rations de la part des prestataires que nous mettons en relation avec vous.<\/p>\n<\/div>\n<div class=\"col-md-4 d-none d-md-block position-relative\"><img alt=\"meeting.png\" decoding=\"async\" class=\"position-absolute\" src=\"https:\/\/www.bobex.be\/wp-uploads\/sites\/5\/meeting.png\" \/><\/div>\n<\/div>\n<div class=\"row mt-5\">\n<div class=\"col-md-4 d-none d-md-block position-relative\"><img alt=\"worker-validation.png\" decoding=\"async\" class=\"position-absolute\" src=\"https:\/\/www.bobex.be\/wp-uploads\/sites\/5\/worker-validation.png\" \/><\/div>\n<div class=\"col-md-8 pb-5\">\n<h3>\u00c0 la recherche de clients ? Progressez avec Bobex<\/h3>\n<p>En plus d&rsquo;\u00eatre une place de march\u00e9 virtuelle, Bobex est aussi l&rsquo;outil id\u00e9al pour prospecter en ligne. Nous aidons des milliers d&rsquo;entreprises \u00e0 trouver de nouveaux clients rapidement et facilement en lan\u00e7ant des campagnes de marketing digitales.<\/p>\n<p>Ensuite, nous validons manuellement chaque demande de ces prospects pour nous assurer qu&rsquo;elles correspondent aux comp\u00e9tences et pr\u00e9f\u00e9rences de nos prestataires. De cette mani\u00e8re, nous aidons des milliers d&rsquo;entreprises \u00e0 se d\u00e9velopper et \u00e0 augmenter leur chiffre d&rsquo;affaires. Peut-\u00eatre pouvons-nous \u00e9galement donner un coup de boost \u00e0 votre entreprise ?<\/p>\n<\/div>\n<\/div>\n<\/div>\n<div class=\"pt-4\" style=\"background-color: #e5f2f7\">\n<div class=\"container py-5\">\n<div class=\"row\">\n<div class=\"col-md-9 pt-5\">\n<h2>Notre histoire<\/h2>\n<p>Bobex a \u00e9t\u00e9 fond\u00e9e par Jean-Louis Van Marcke et David Schnall en 1999. Leur id\u00e9e \u00e9tait simple : \u00ab\u00a0Comment pouvons-nous aider les gens \u00e0 trouver un fournisseur, un prestataire ou un artisan rapidement et efficacement ?\u00a0\u00bb \u00c0 l&rsquo;\u00e9poque, il n&rsquo;existait aucun endroit o\u00f9 l&rsquo;on pouvait facilement obtenir et comparer des devis. Leur ambition \u00e9tait d&rsquo;aller plus loin que les annuaires professionnels des ann\u00e9es 80 et les moteurs de recherche des ann\u00e9es 90. Ils voulaient partir des besoins d&rsquo;une personne afin de lui proposer imm\u00e9diatement une solution sur mesure.<\/p>\n<h3>Pionnier depuis plus de 24 ans<\/h3>\n<p>En tant que premi\u00e8re plateforme de comparaison de devis en ligne en Europe, Bobex est pionnier. En 2000, nous avons lanc\u00e9 la premi\u00e8re version du site en Belgique. Depuis lors, nous sommes devenus une plateforme de devis incontournable au Benelux et en France.<\/p>\n<p>Nous avons toujours r\u00e9ussi \u00e0 nous diff\u00e9rencier sur un aspect : notre qualit\u00e9. Nous contr\u00f4lons toutes les \u00e9tapes du processus tout en s&rsquo;assurant que la demande et l&rsquo;offre se rencontrent.<\/p>\n<\/div>\n<div class=\"col-md-3 text-center\"><img alt=\"20years-befr-clic.png\" decoding=\"async\" id=\"bbx-twenty-years-document\" class=\"d-none d-md-block\" style=\"max-height: 200px;cursor: pointer\" src=\"https:\/\/www.bobex.be\/wp-uploads\/sites\/2\/20years-befr-clic.png\" data-toggle=\"modal\" data-target=\"#bbx-twenty-years-document-modal\" \/><\/div>\n<div id=\"bbx-twenty-years-document-modal\" class=\"modal fade\" role=\"dialog\" aria-hidden=\"true\">\n<div class=\"modal-dialog\" role=\"document\">\n<div class=\"modal-content\">\n<div class=\"modal-header\"><button class=\"close ms-auto me-0\" style=\"background-color: var(--orangered-bg-page);border-radius: 50px;color: white;border-style: none\" type=\"button\" data-bs-dismiss=\"modal\" aria-label=\"Close\"><span aria-hidden=\"true\">\u00a0\u00d7\u00a0<\/span><\/button><\/div>\n<div class=\"modal-body\">\n<div class=\"\"><img alt=\"20ans.jpg\" decoding=\"async\" src=\"https:\/\/www.bobex.be\/wp-uploads\/sites\/2\/20ans.jpg\" \/><\/div>\n<\/div>\n<\/div>\n<\/div>\n<\/div>\n<\/div>\n<div class=\"row\">\n<div class=\"d-none d-md-block col-md-4 text-center\"><img alt=\"s.png\" decoding=\"async\" src=\"https:\/\/www.bobex.be\/wp-uploads\/sites\/5\/s.png\" \/><\/div>\n<div class=\"col-md-8\">\n<h3>Le nom \u201cBobex\u201d<\/h3>\n<p>Le nom Bobex est le r\u00e9sultat de l&rsquo;une des premi\u00e8res campagnes virales (en 2000). Nous avons organis\u00e9 un concours par e-mail pour trouver un nom de marque. Celui-ci devait \u00eatre court, percutant, simple, international et disposer d&rsquo;un nom de domaine \u00ab\u00a0.com\u00a0\u00bb disponible. Nous avons re\u00e7u plus de 200 propositions, de toute l&rsquo;Europe et le gagnant (Herwig V., un banquier belge d&rsquo;Amsterdam) a remport\u00e9 un Palm Pilot VII. BOBEX signifiait \u00e0 l&rsquo;origine \u00ab\u00a0Best Of Business EXchange\u00a0\u00bb, mais est depuis devenu une marque \u00e0 part enti\u00e8re.<\/p>\n<\/div>\n<\/div>\n<\/div>\n<\/div>\n<div class=\"container py-5\">\n<div class=\"d-flex\"><img alt=\"8ba361db-34e4-4aec-9349-604d6226a892.png\" decoding=\"async\" class=\"mx-auto\" src=\"https:\/\/www.bobex.be\/wp-uploads\/sites\/2\/8ba361db-34e4-4aec-9349-604d6226a892.png\" \/><\/div>\n<\/div>\n<div style=\"background-color: var(--banner-elise-color)\">\n<div class=\"container py-4\">\n<h2>Ils parlent de nous<\/h2>\n<div class=\"row mt-2\">\n<div class=\"col-md-12 d-flex justify-content-center flex-wrap\"><span class=\"media_logo_colored\"><img alt=\"logo-laLibre.png\" decoding=\"async\" src=\"https:\/\/www.bobex.be\/wp-uploads\/sites\/2\/logo-laLibre.png\" \/><\/span><br \/>\n<span class=\"media_logo_colored\"><img alt=\"logo-lEcho.png\" decoding=\"async\" src=\"https:\/\/www.bobex.be\/wp-uploads\/sites\/2\/logo-lEcho.png\" \/><\/span><br \/>\n<span class=\"media_logo_colored\"><img alt=\"logo-leVif-background.png\" decoding=\"async\" src=\"https:\/\/www.bobex.be\/wp-uploads\/sites\/2\/logo-leVif-background.png\" \/><\/span><br \/>\n<span class=\"media_logo_colored\"><img alt=\"logo-laDH.png\" decoding=\"async\" src=\"https:\/\/www.bobex.be\/wp-uploads\/sites\/2\/logo-laDH.png\" \/><\/span><br \/>\n<span class=\"media_logo_colored\"><img alt=\"logo-leSoir.png\" decoding=\"async\" src=\"https:\/\/www.bobex.be\/wp-uploads\/sites\/2\/logo-leSoir.png\" \/><\/span><br \/>\n<span class=\"media_logo_colored\"><img alt=\"logo-rtbf.png\" decoding=\"async\" src=\"https:\/\/www.bobex.be\/wp-uploads\/sites\/2\/logo-rtbf.png\" \/><\/span><br \/>\n<span class=\"media_logo_colored\"><img alt=\"logo-mint.png\" decoding=\"async\" src=\"https:\/\/www.bobex.be\/wp-uploads\/sites\/2\/logo-mint.png\" \/><\/span><\/div>\n<div class=\"col-md-12 d-flex justify-content-center\"><a class=\"bobex-round-cta\" href=\"https:\/\/www.bobex.be\/fr-be\/bobex-dans-la-presse\/\">Bobex dans la presse <\/a><\/div>\n<\/div>\n<\/div>\n<\/div>\n<div class=\"container py-4\">\n<h2 class=\"text-center\">Faites connaissance avec notre \u00e9quipe<\/h2>\n<div class=\"row justify-content-center teams_wrapper\">\n<div class=\"col-lg-3 col-md-4 col-sm-6\">\n<div class=\"team-v9 text-center\"><img alt=\"1270382_200x200.jpg\" decoding=\"async\" src=\"https:\/\/www.bobex.be\/images\/team\/blankbg\/1270382_200x200.jpg\" \/><\/div>\n<\/div>\n<div class=\"col-lg-3 col-md-4 col-sm-6\">\n<div class=\"team-v9 text-center\"><img alt=\"1270386_200x200.jpg\" decoding=\"async\" src=\"https:\/\/www.bobex.be\/images\/team\/blankbg\/1270386_200x200.jpg\" \/><\/div>\n<\/div>\n<div class=\"col-lg-3 col-md-4 col-sm-6\">\n<div class=\"team-v9 text-center\"><img alt=\"P1280528.jpg\" decoding=\"async\" src=\"https:\/\/www.bobex.be\/images\/team\/blankbg\/P1280528.jpg\" \/><\/div>\n<\/div>\n<div class=\"col-lg-3 col-md-4 col-sm-6\">\n<div class=\"team-v9 text-center\"><img alt=\"1270416_200x200.jpg\" decoding=\"async\" src=\"https:\/\/www.bobex.be\/images\/team\/blankbg\/1270416_200x200.jpg\" \/><\/div>\n<\/div>\n<div class=\"col-lg-3 col-md-4 col-sm-6\">\n<div class=\"team-v9 text-center\"><img alt=\"1270401_200x200.jpg\" decoding=\"async\" src=\"https:\/\/www.bobex.be\/images\/team\/blankbg\/1270401_200x200.jpg\" \/><\/div>\n<\/div>\n<div class=\"col-lg-3 col-md-4 col-sm-6\">\n<div class=\"team-v9 text-center\"><img alt=\"12702831_200x200.jpg\" decoding=\"async\" src=\"https:\/\/www.bobex.be\/images\/team\/blankbg\/12702831_200x200.jpg\" \/><\/div>\n<\/div>\n<div class=\"col-lg-3 col-md-4 col-sm-6\">\n<div class=\"team-v9 text-center\"><img alt=\"12703250_200x200.jpg\" decoding=\"async\" src=\"https:\/\/www.bobex.be\/images\/team\/blankbg\/12703250_200x200.jpg\" \/><\/div>\n<\/div>\n<div class=\"col-lg-3 col-md-4 col-sm-6\">\n<div class=\"team-v9 text-center\"><img alt=\"P1270589.jpg\" decoding=\"async\" src=\"https:\/\/www.bobex.be\/images\/team\/blankbg\/P1270589.jpg\" \/><\/div>\n<\/div>\n<div class=\"col-lg-3 col-md-4 col-sm-6\">\n<div class=\"team-v9 text-center\"><img alt=\"20210422-3.jpg\" decoding=\"async\" src=\"https:\/\/www.bobex.be\/images\/team\/blankbg\/20210422-3.jpg\" \/><\/div>\n<\/div>\n<div class=\"col-lg-3 col-md-4 col-sm-6\">\n<div class=\"team-v9 text-center\"><img alt=\"P1270590.jpg\" decoding=\"async\" src=\"https:\/\/www.bobex.be\/images\/team\/blankbg\/P1270590.jpg\" \/><\/div>\n<\/div>\n<div class=\"col-lg-3 col-md-4 col-sm-6\">\n<div class=\"team-v9 text-center\"><img alt=\"20220125_200x200.jpg\" decoding=\"async\" src=\"https:\/\/www.bobex.be\/images\/team\/blankbg\/20220125_200x200.jpg\" \/><\/div>\n<\/div>\n<div class=\"col-lg-3 col-md-4 col-sm-6\">\n<div class=\"team-v9 text-center\"><img alt=\"Maximilien2.png\" decoding=\"async\" src=\"https:\/\/www.bobex.be\/wp-uploads\/sites\/2\/Maximilien2.png\" \/><\/div>\n<\/div>\n<div class=\"col-lg-3 col-md-4 col-sm-6\">\n<div class=\"team-v9 text-center\"><img alt=\"20210422-2.jpg\" decoding=\"async\" src=\"https:\/\/www.bobex.be\/images\/team\/blankbg\/20210422-2.jpg\" \/><\/div>\n<\/div>\n<div class=\"col-lg-3 col-md-4 col-sm-6\">\n<div class=\"team-v9 text-center\"><img alt=\"1270303_200x200.jpg\" decoding=\"async\" src=\"https:\/\/www.bobex.be\/images\/team\/blankbg\/1270303_200x200.jpg\" \/><\/div>\n<\/div>\n<div class=\"col-lg-3 col-md-4 col-sm-6\">\n<div class=\"team-v9 text-center\"><img alt=\"1270312_200x200.jpg\" decoding=\"async\" src=\"https:\/\/www.bobex.be\/images\/team\/blankbg\/1270312_200x200.jpg\" \/><\/div>\n<\/div>\n<div class=\"col-lg-3 col-md-4 col-sm-6\">\n<div class=\"team-v9 text-center\"><img alt=\"1270315_200x200.jpg\" decoding=\"async\" src=\"https:\/\/www.bobex.be\/images\/team\/blankbg\/1270315_200x200.jpg\" \/><\/div>\n<\/div>\n<div class=\"col-lg-3 col-md-4 col-sm-6\">\n<div class=\"team-v9 text-center\"><img alt=\"1270344_200x200.jpg\" decoding=\"async\" src=\"https:\/\/www.bobex.be\/images\/team\/blankbg\/1270344_200x200.jpg\" \/><\/div>\n<\/div>\n<div class=\"col-lg-3 col-md-4 col-sm-6\">\n<div class=\"team-v9 text-center\"><img alt=\"1270363_200x200.jpg\" decoding=\"async\" src=\"https:\/\/www.bobex.be\/images\/team\/blankbg\/1270363_200x200.jpg\" \/><\/div>\n<\/div>\n<div class=\"col-lg-3 col-md-4 col-sm-6\">\n<div class=\"team-v9 text-center\"><img alt=\"5aacf27a-c119-4883-8ab1-ff96e894a373.jpg\" decoding=\"async\" src=\"https:\/\/www.bobex.be\/wp-uploads\/sites\/2\/5aacf27a-c119-4883-8ab1-ff96e894a373.jpg\" \/><\/div>\n<\/div>\n<div class=\"col-lg-3 col-md-4 col-sm-6\">\n<div class=\"team-v9 text-center\"><img alt=\"1270374_200x200.jpg\" decoding=\"async\" src=\"https:\/\/www.bobex.be\/images\/team\/blankbg\/1270374_200x200.jpg\" \/><\/div>\n<\/div>\n<div class=\"col-lg-3 col-md-4 col-sm-6\">\n<div class=\"team-v9 text-center\"><img alt=\"809dd115-2164-47c6-82dc-d8f3841afbab.jpg\" decoding=\"async\" src=\"https:\/\/www.bobex.be\/wp-uploads\/sites\/2\/809dd115-2164-47c6-82dc-d8f3841afbab.jpg\" \/><\/div>\n<\/div>\n<div class=\"col-lg-3 col-md-4 col-sm-6\">\n<div class=\"team-v9 text-center\"><img alt=\"1270316(0).jpg\" decoding=\"async\" src=\"https:\/\/www.bobex.be\/images\/team\/blankbg\/1270316(0).jpg\" \/><\/div>\n<\/div>\n<div class=\"col-lg-3 col-md-4 col-sm-6\">\n<div class=\"team-v9 text-center\"><img alt=\"2020071402.jpg\" decoding=\"async\" src=\"https:\/\/www.bobex.be\/images\/team\/blankbg\/2020071402.jpg\" \/><\/div>\n<\/div>\n<div class=\"col-lg-3 col-md-4 col-sm-6\">\n<div class=\"team-v9 text-center\"><img alt=\"20211108_1_200x200.jpg\" decoding=\"async\" src=\"https:\/\/www.bobex.be\/images\/team\/blankbg\/20211108_1_200x200.jpg\" \/><\/div>\n<\/div>\n<div class=\"col-lg-3 col-md-4 col-sm-6\">\n<div class=\"team-v9 text-center\"><img alt=\"20211108_2_200x200.jpg\" decoding=\"async\" src=\"https:\/\/www.bobex.be\/images\/team\/blankbg\/20211108_2_200x200.jpg\" \/><\/div>\n<\/div>\n<div class=\"col-lg-3 col-md-4 col-sm-6\">\n<div class=\"team-v9 text-center\"><img alt=\"20211108_3_200x200.jpg\" decoding=\"async\" src=\"https:\/\/www.bobex.be\/images\/team\/blankbg\/20211108_3_200x200.jpg\" \/><\/div>\n<\/div>\n<div class=\"col-lg-3 col-md-4 col-sm-6\">\n<div class=\"team-v9 text-center\"><img alt=\"481e1a7d-2850-474a-9fd2-f0580c74e238.jpg\" decoding=\"async\" src=\"https:\/\/www.bobex.be\/wp-uploads\/sites\/2\/481e1a7d-2850-474a-9fd2-f0580c74e238.jpg\" \/><\/div>\n<\/div>\n<div class=\"col-lg-3 col-md-4 col-sm-6\">\n<div class=\"team-v9 text-center\"><img alt=\"a0f471a9-1ed8-4a1a-8e9d-b53ad56157f9.jpg\" decoding=\"async\" src=\"https:\/\/www.bobex.be\/wp-uploads\/sites\/2\/a0f471a9-1ed8-4a1a-8e9d-b53ad56157f9.jpg\" \/><\/div>\n<\/div>\n<div class=\"col-lg-3 col-md-4 col-sm-6\">\n<div class=\"team-v9 text-center\"><img alt=\"4463fe5e-7099-4019-8dd7-1f254e79e2d2.jpg\" decoding=\"async\" src=\"https:\/\/www.bobex.be\/wp-uploads\/sites\/2\/4463fe5e-7099-4019-8dd7-1f254e79e2d2.jpg\" \/><\/div>\n<\/div>\n<div class=\"col-lg-3 col-md-4 col-sm-6\">\n<div class=\"team-v9 text-center\"><img alt=\"sebastien2.jpg\" decoding=\"async\" src=\"https:\/\/www.bobex.be\/wp-uploads\/sites\/2\/sebastien2.jpg\" \/><\/div>\n<\/div>\n<div class=\"col-lg-3 col-md-4 col-sm-6\">\n<div class=\"team-v9 text-center\"><img alt=\"7a079fa0-93d4-4bcc-8c54-8243dca162b8.jpg\" decoding=\"async\" src=\"https:\/\/www.bobex.be\/wp-uploads\/sites\/2\/7a079fa0-93d4-4bcc-8c54-8243dca162b8.jpg\" \/><\/div>\n<\/div>\n<div class=\"col-lg-3 col-md-4 col-sm-6\">\n<div class=\"team-v9 text-center\"><img alt=\"6f007f50-bdf0-4eeb-b791-8a686020a183.jpg\" decoding=\"async\" src=\"https:\/\/www.bobex.be\/wp-uploads\/sites\/2\/6f007f50-bdf0-4eeb-b791-8a686020a183.jpg\" \/><\/div>\n<\/div>\n<div class=\"col-lg-3 col-md-4 col-sm-6\">\n<div class=\"team-v9 text-center\"><img alt=\"1270349_200x200.jpg\" decoding=\"async\" src=\"https:\/\/www.bobex.be\/images\/team\/blankbg\/1270349_200x200.jpg\" \/><\/div>\n<\/div>\n<div class=\"col-lg-3 col-md-4 col-sm-6\">\n<div class=\"team-v9 text-center\"><img alt=\"20220325-2_200x200.jpg\" decoding=\"async\" src=\"https:\/\/www.bobex.be\/wp-uploads\/sites\/2\/20220325-2_200x200.jpg\" \/><\/div>\n<\/div>\n<div class=\"col-lg-3 col-md-4 col-sm-6\">\n<div class=\"team-v9 text-center\"><img alt=\"20220325_200x200.jpg\" decoding=\"async\" src=\"https:\/\/www.bobex.be\/wp-uploads\/sites\/2\/20220325_200x200.jpg\" \/><\/div>\n<\/div>\n<div class=\"col-lg-3 col-md-4 col-sm-6\">\n<div class=\"team-v9 text-center\"><img alt=\"20220405_200x200_3.jpg\" decoding=\"async\" src=\"https:\/\/www.bobex.be\/images\/team\/blankbg\/20220405_200x200_3.jpg\" \/><\/div>\n<\/div>\n<div class=\"col-lg-3 col-md-4 col-sm-6\">\n<div class=\"team-v9 text-center\"><img alt=\"bram200.png\" decoding=\"async\" src=\"https:\/\/www.bobex.be\/wp-uploads\/sites\/2\/bram200.png\" \/><\/div>\n<\/div>\n<div class=\"col-lg-3 col-md-4 col-sm-6\">\n<div class=\"team-v9 text-center\"><img alt=\"7ad6298b-4c0c-46f3-881e-f142de5b5749.jpg\" decoding=\"async\" src=\"https:\/\/www.bobex.be\/wp-uploads\/sites\/2\/7ad6298b-4c0c-46f3-881e-f142de5b5749.jpg\" \/><\/div>\n<\/div>\n<div class=\"col-lg-3 col-md-4 col-sm-6\">\n<div class=\"team-v9 text-center\"><img alt=\"Gaelle-1-1.png\" decoding=\"async\" src=\"https:\/\/www.bobex.be\/wp-uploads\/sites\/2\/Gaelle-1-1.png\" \/><\/div>\n<\/div>\n<div class=\"col-lg-3 col-md-4 col-sm-6\">\n<div class=\"team-v9 text-center\"><img alt=\"Sam.png\" decoding=\"async\" src=\"https:\/\/www.bobex.be\/wp-uploads\/sites\/2\/Sam.png\" \/><\/div>\n<\/div>\n<div class=\"col-lg-3 col-md-4 col-sm-6\">\n<div class=\"team-v9 text-center\"><img alt=\"noemie200.png\" decoding=\"async\" src=\"https:\/\/www.bobex.be\/wp-uploads\/sites\/2\/noemie200.png\" \/><\/div>\n<\/div>\n<div class=\"col-lg-3 col-md-4 col-sm-6\">\n<div class=\"team-v9 text-center\"><img alt=\"e42b0a8c-04bb-4517-8771-e6198a8743b1.jpg\" decoding=\"async\" src=\"https:\/\/www.bobex.be\/wp-uploads\/sites\/2\/e42b0a8c-04bb-4517-8771-e6198a8743b1.jpg\" \/><\/div>\n<\/div>\n<div class=\"col-lg-3 col-md-4 col-sm-6\">\n<div class=\"team-v9 text-center\"><img alt=\"michiel200.png\" decoding=\"async\" src=\"https:\/\/www.bobex.be\/wp-uploads\/sites\/2\/michiel200.png\" \/><\/div>\n<\/div>\n<div class=\"col-lg-3 col-md-4 col-sm-6\">\n<div class=\"team-v9 text-center\"><img alt=\"20210422-1.jpg\" decoding=\"async\" src=\"https:\/\/www.bobex.be\/wp-uploads\/sites\/2\/20210422-1.jpg\" \/><\/div>\n<\/div>\n<div class=\"col-lg-3 col-md-4 col-sm-6\">\n<div class=\"team-v9 text-center\"><img alt=\"Emerci-scaled-e1749125100885.jpg\" decoding=\"async\" src=\"https:\/\/www.bobex.be\/wp-uploads\/sites\/5\/Emerci-scaled-e1749125100885.jpg\" \/><\/div>\n<\/div>\n<div class=\"col-lg-3 col-md-4 col-sm-6\">\n<div class=\"team-v9 text-center\"><img alt=\"IMG_6456-1.jpg\" decoding=\"async\" src=\"https:\/\/www.bobex.be\/wp-uploads\/sites\/2\/IMG_6456-1.jpg\" \/><\/div>\n<\/div>\n<div class=\"col-lg-3 col-md-4 col-sm-6\">\n<div class=\"team-v9 text-center\"><img alt=\"pxl_20241003_130226706_720-2.png\" decoding=\"async\" src=\"https:\/\/www.bobex.be\/wp-uploads\/sites\/2\/pxl_20241003_130226706_720-2.png\" \/><\/div>\n<\/div>\n<div class=\"col-lg-3 col-md-4 col-sm-6\">\n<div class=\"team-v9 text-center\"><img alt=\"IMG_6458-2.png\" decoding=\"async\" src=\"https:\/\/www.bobex.be\/wp-uploads\/sites\/2\/IMG_6458-2.png\" \/><\/div>\n<\/div>\n<div class=\"col-lg-3 col-md-4 col-sm-6\">\n<div class=\"team-v9 text-center\"><img alt=\"Cassandra.gif\" decoding=\"async\" src=\"https:\/\/www.bobex.be\/wp-uploads\/sites\/2\/Cassandra.gif\" \/><\/div>\n<\/div>\n<div class=\"col-lg-3 col-md-4 col-sm-6\">\n<div class=\"team-v9 text-center\"><img alt=\"Lucas-scaled-e1751293455778.jpg\" decoding=\"async\" src=\"https:\/\/www.bobex.be\/wp-uploads\/sites\/5\/Lucas-scaled-e1751293455778.jpg\" \/><\/div>\n<\/div>\n<div class=\"col-lg-3 col-md-4 col-sm-6\">\n<div class=\"team-v9 text-center\"><img alt=\"Izey-e1752486763664.jpg\" decoding=\"async\" src=\"https:\/\/www.bobex.be\/wp-uploads\/sites\/5\/Izey-e1752486763664.jpg\" \/><\/div>\n<\/div>\n<div class=\"col-lg-3 col-md-4 col-sm-6\">\n<div class=\"team-v9 text-center\"><img alt=\"dylan.png\" decoding=\"async\" src=\"https:\/\/www.bobex.be\/wp-uploads\/sites\/2\/dylan.png\" \/><\/div>\n<\/div>\n<div class=\"col-lg-3 col-md-4 col-sm-6\">\n<div class=\"team-v9 text-center\"><img alt=\"IMG_6461-1.png\" decoding=\"async\" src=\"https:\/\/www.bobex.be\/wp-uploads\/sites\/2\/IMG_6461-1.png\" data-wp-editing=\"1\" \/><\/div>\n<\/div>\n<div class=\"col-lg-3 col-md-4 col-sm-6\">\n<div class=\"team-v9 text-center\"><img alt=\"Oumaima.png\" decoding=\"async\" src=\"https:\/\/www.bobex.be\/wp-uploads\/sites\/2\/Oumaima.png\" data-wp-editing=\"1\" \/><\/div>\n<\/div>\n<div class=\"col-lg-3 col-md-4 col-sm-6\">\n<div class=\"team-v9 text-center\"><img alt=\"Manu.png\" decoding=\"async\" src=\"https:\/\/www.bobex.be\/wp-uploads\/sites\/2\/Manu.png\" data-wp-editing=\"1\" \/><\/div>\n<\/div>\n<div class=\"col-lg-3 col-md-4 col-sm-6\">\n<div class=\"team-v9 text-center\"><img alt=\"Dalila.png\" decoding=\"async\" src=\"https:\/\/www.bobex.be\/wp-uploads\/sites\/2\/Dalila.png\" data-wp-editing=\"1\" \/><\/div>\n<\/div>\n<div class=\"col-lg-3 col-md-4 col-sm-6\">\n<div class=\"team-v9 text-center\"><img alt=\"Ousmane.png\" decoding=\"async\" src=\"https:\/\/www.bobex.be\/wp-uploads\/sites\/2\/Ousmane.png\" data-wp-editing=\"1\" \/><\/div>\n<\/div>\n<div class=\"col-lg-3 col-md-4 col-sm-6\">\n<div class=\"team-v9 text-center\"><a href=\"https:\/\/www.bobex.be\/nl-be\/werken-bij-bobex\/\"><img alt=\"user-bobex-nl.png\" decoding=\"async\" src=\"https:\/\/www.bobex.be\/wp-uploads\/sites\/5\/user-bobex-nl.png\" \/><\/a><\/div>\n<\/div>\n<\/div>\n<\/div>\n","protected":false},"excerpt":{"rendered":"<p>Que fait Bobex ? Bobex est un peu l&rsquo;\u00e9quivalent d&rsquo;un site de rencontre : nous mettons en relation l&rsquo;offre et la demande. Les particuliers et les entreprises effectuent gratuitement des demandes de devis sur mesure pour toutes sortes de produits ou de services. Les fournisseurs et les sp\u00e9cialistes indiquent \u00e0 leur tour ce qu&rsquo;ils font [&hellip;]<\/p>\n","protected":false},"author":2,"featured_media":0,"parent":0,"menu_order":0,"comment_status":"closed","ping_status":"closed","template":"","meta":{"footnotes":""},"class_list":["post-56888","page","type-page","status-publish","hentry"],"_links":{"self":[{"href":"https:\/\/www.bobex.be\/fr-be\/wp-json\/wp\/v2\/pages\/56888","targetHints":{"allow":["GET"]}}],"collection":[{"href":"https:\/\/www.bobex.be\/fr-be\/wp-json\/wp\/v2\/pages"}],"about":[{"href":"https:\/\/www.bobex.be\/fr-be\/wp-json\/wp\/v2\/types\/page"}],"author":[{"embeddable":true,"href":"https:\/\/www.bobex.be\/fr-be\/wp-json\/wp\/v2\/users\/2"}],"replies":[{"embeddable":true,"href":"https:\/\/www.bobex.be\/fr-be\/wp-json\/wp\/v2\/comments?post=56888"}],"version-history":[{"count":9,"href":"https:\/\/www.bobex.be\/fr-be\/wp-json\/wp\/v2\/pages\/56888\/revisions"}],"predecessor-version":[{"id":235327,"href":"https:\/\/www.bobex.be\/fr-be\/wp-json\/wp\/v2\/pages\/56888\/revisions\/235327"}],"wp:attachment":[{"href":"https:\/\/www.bobex.be\/fr-be\/wp-json\/wp\/v2\/media?parent=56888"}],"curies":[{"name":"wp","href":"https:\/\/api.w.org\/{rel}","templated":true}]}}