{"id":4422,"date":"2021-06-11T10:12:46","date_gmt":"2021-06-11T10:12:46","guid":{"rendered":"https:\/\/www.bobex.be\/fr-be\/?page_id=4422"},"modified":"2021-10-04T10:22:12","modified_gmt":"2021-10-04T10:22:12","slug":"protection-des-donnees-rgpd","status":"publish","type":"page","link":"https:\/\/www.bobex.be\/fr-be\/protection-des-donnees-rgpd\/","title":{"rendered":"Protection des donn\u00e9es (RGPD)"},"content":{"rendered":"<div>\n<p><!-- Heading v1 --><\/p>\n<h2 class=\"news-v7 news-v7-title\" align=\"center\">Voici comment nous garantissons votre vie priv\u00e9e:<\/h2>\n<p><!-- End Heading v1 --><\/p>\n<p><!-- News v7 --><\/p>\n<div class=\"row margin-b-10\" style=\"justify-content: center;\">\n<div class=\"col-md-2 md-margin-b-50\">\n<p><!-- News v10 --><\/p>\n<article class=\"news-v10 text-center bg-white\" style=\"padding-top: 20px;\"><a href=\"#sec1\"><img alt=\"key.png\" decoding=\"async\" class=\"img-responsive text-center\" src=\"https:\/\/www.bobex.be\/images\/key.png\" alt=\"\" height=\"120\" \/><\/a><\/p>\n<div class=\"news-v10-content text-center\">\n<p>&nbsp;<\/p>\n<h2 class=\"news-v10-title\">Acc\u00e9dez \u00e0 vos donn\u00e9es \u00e0 tout moment<\/h2>\n<p>&nbsp;<\/p>\n<\/div>\n<\/article>\n<p><!-- End News v10 --><\/p>\n<\/div>\n<div class=\"col-md-2 md-margin-b-50\">\n<p><!-- News v10 --><\/p>\n<article class=\"news-v10 text-center bg-white\" style=\"padding-top: 20px;\"><a href=\"#sec2\"><img alt=\"gears.png\" decoding=\"async\" class=\"img-responsive text-center\" src=\"https:\/\/www.bobex.be\/images\/gears.png\" alt=\"\" height=\"120\" \/><\/a><\/p>\n<div class=\"news-v10-content text-center\">\n<p>&nbsp;<\/p>\n<h2 class=\"news-v10-title\">Enti\u00e8rement sous contr\u00f4le<\/h2>\n<p>&nbsp;<\/p>\n<\/div>\n<\/article>\n<p><!-- End News v10 --><\/p>\n<\/div>\n<div class=\"col-md-2 md-margin-b-50\">\n<p><!-- News v10 --><\/p>\n<article class=\"news-v10 text-center bg-white\" style=\"padding-top: 20px;\"><a href=\"#sec3\"><img alt=\"file.png\" decoding=\"async\" class=\"img-responsive text-center\" src=\"https:\/\/www.bobex.be\/images\/file.png\" alt=\"\" height=\"120\" \/><\/a><\/p>\n<div class=\"news-v10-content text-center\">\n<p>&nbsp;<\/p>\n<h2 class=\"news-v10-title\">Confidentialit\u00e9 des donn\u00e9es pour les fournisseurs<\/h2>\n<p>&nbsp;<\/p>\n<\/div>\n<\/article>\n<p><!-- End News v10 --><\/p>\n<\/div>\n<div class=\"col-md-2 md-margin-b-50\">\n<p><!-- News v10 --><\/p>\n<article class=\"news-v10 text-center bg-white\" style=\"padding-top: 20px;\"><a href=\"#sec4\"><img alt=\"megafoon.png\" decoding=\"async\" class=\"img-responsive text-center\" src=\"https:\/\/www.bobex.be\/images\/megafoon.png\" alt=\"\" height=\"120\" \/><\/a><\/p>\n<div class=\"news-v10-content text-center\">\n<p>&nbsp;<\/p>\n<h2 class=\"news-v10-title\">Notification d\u2019irr\u00e9gularit\u00e9s<\/h2>\n<p>&nbsp;<\/p>\n<\/div>\n<\/article>\n<p><!-- End News v10 --><\/p>\n<\/div>\n<div class=\"col-md-2 md-margin-b-50\">\n<p><!-- News v10 --><\/p>\n<article class=\"news-v10 text-center bg-white\" style=\"padding-top: 20px;\"><a href=\"#sec5\"><img alt=\"europe.png\" decoding=\"async\" class=\"img-responsive text-center\" src=\"https:\/\/www.bobex.be\/images\/europe.png\" alt=\"\" height=\"120\" \/><\/a><\/p>\n<div class=\"news-v10-content text-center\">\n<p>&nbsp;<\/p>\n<h2 class=\"news-v10-title\">RGPD au sein de Bobex<\/h2>\n<p>&nbsp;<\/p>\n<\/div>\n<\/article>\n<p><!-- End News v10 --><\/p>\n<\/div>\n<p><!--\/\/ end row --><br \/>\n<!-- End News v7 --><\/p>\n<\/div>\n<div id=\"sec1\" class=\"bg-white\">\n<div class=\"content-sm container\">\n<div class=\"row\">\n<div class=\"col-md-3\"><img alt=\"key.png\" decoding=\"async\" class=\"img-responsive text-center\" src=\"https:\/\/www.bobex.be\/images\/key.png\" alt=\"\" height=\"150\" \/><\/div>\n<div class=\"col-md-9\">\n<h2>Acc\u00e9dez \u00e0 vos donn\u00e9es \u00e0 tout moment<\/h2>\n<p>Vous disposez, en tant qu\u2019utilisateur Bobex, d\u2019un identifiant personnel. Celui-ci vous permet de visualiser, modifier et g\u00e9rer vos donn\u00e9es. Vous n\u2019avez plus besoin de votre compte Bobex? Il vous est alors possible de le supprimer.<\/p>\n<\/div>\n<\/div>\n<\/div>\n<\/div>\n<div id=\"sec2\" class=\"bg-color-sky-light\">\n<div class=\"content-sm container\">\n<div class=\"row\">\n<div class=\"col-md-9\">\n<h2>Enti\u00e8rement sous contr\u00f4le<\/h2>\n<p>Vous gardez tout sous contr\u00f4le et ce \u00e0 chaque \u00e9tape de notre prestation de service. Vous faites vous-m\u00eame votre demande. Nous vous contactons par la suite et parcourons ensemble votre demande. Vous d\u00e9cidez \u00e0 ce moment si vous d\u00e9sirez que l\u2019on envoie vos donn\u00e9es aupr\u00e8s de nos partenaires certifi\u00e9s. Vous pourrez, par la suite, \u00e9valuer nos fournisseurs \u00e0 partir de votre identifiant Bobex.<\/p>\n<\/div>\n<div class=\"col-md-3\"><img alt=\"gears.png\" decoding=\"async\" class=\"img-responsive text-center\" src=\"https:\/\/www.bobex.be\/images\/gears.png\" alt=\"\" height=\"150\" \/><\/div>\n<\/div>\n<\/div>\n<\/div>\n<div id=\"sec3\" class=\"bg-white\">\n<div class=\"content-sm container\">\n<div class=\"row\">\n<div class=\"col-md-3\"><img alt=\"file.png\" decoding=\"async\" class=\"img-responsive text-center\" src=\"https:\/\/www.bobex.be\/images\/file.png\" alt=\"\" height=\"150\" \/><\/div>\n<div class=\"col-md-9\">\n<h2>Confidentialit\u00e9 des donn\u00e9es pour les fournisseurs<\/h2>\n<p>Etes-vous un fournisseur Bobex? Vous b\u00e9n\u00e9ficiez alors d\u2019un acc\u00e8s s\u00e9curis\u00e9 \u00e0 notre site web. Notre extranet vous permet de visualiser votre profil et de modifier toutes vos donn\u00e9es personnelles. Vous pouvez \u00e9galement verrouiller votre profil et demander de supprimer celui-ci.<\/p>\n<\/div>\n<\/div>\n<\/div>\n<\/div>\n<div id=\"sec4\" class=\"bg-color-sky-light\">\n<div class=\"content-sm container\">\n<div class=\"row\">\n<div class=\"col-md-9\">\n<h2>Notification d\u2019irr\u00e9gularit\u00e9s<\/h2>\n<p>L\u2019infrastructure de Bobex et toutes nos bases de donn\u00e9es contenant des informations personnelles sont h\u00e9berg\u00e9es par une soci\u00e9t\u00e9 externe sp\u00e9cialis\u00e9e dans la protection des donn\u00e9es . Cette soci\u00e9t\u00e9 utilise les technologies les plus r\u00e9centes afin de prot\u00e9ger nos donn\u00e9es de la mani\u00e8re la plus efficace. Nous vous informerons, toutefois, imm\u00e9diatement si un probl\u00e8me venait \u00e0 survenir.<\/p>\n<\/div>\n<div class=\"col-md-3\"><img alt=\"megafoon.png\" decoding=\"async\" class=\"img-responsive text-center\" src=\"https:\/\/www.bobex.be\/images\/megafoon.png\" alt=\"\" height=\"150\" \/><\/div>\n<\/div>\n<\/div>\n<\/div>\n<div id=\"sec5\" class=\"bg-white\">\n<div class=\"content-sm container\">\n<div class=\"row\">\n<div class=\"col-md-3\"><img alt=\"europe.png\" decoding=\"async\" class=\"img-responsive text-center\" src=\"https:\/\/www.bobex.be\/images\/europe.png\" alt=\"\" height=\"150\" \/><\/div>\n<div class=\"col-md-9\">\n<h2>RGPD au sein de Bobex<\/h2>\n<p>Nous respectons le R\u00e8glement europ\u00e9en sur la protection des donn\u00e9es (RGPD) et avons nomm\u00e9 un Responsable de la Protection des Donn\u00e9es qui surveille de pr\u00e8s la mise en oeuvre du r\u00e8glement au sein de notre soci\u00e9t\u00e9. Ce responsable est le point de contact concernant toutes vos questions ou remarques relatives \u00e0 la protection des donn\u00e9es personnelles et de la vie priv\u00e9e . Vous pouvez contacter notre responsable en envoyant un mail \u00e0 privacy@bobex.be<\/p>\n<\/div>\n<\/div>\n<\/div>\n<\/div>\n<\/div>\n","protected":false},"excerpt":{"rendered":"<p>Voici comment nous garantissons votre vie priv\u00e9e: &nbsp; Acc\u00e9dez \u00e0 vos donn\u00e9es \u00e0 tout moment &nbsp; &nbsp; Enti\u00e8rement sous contr\u00f4le &nbsp; &nbsp; Confidentialit\u00e9 des donn\u00e9es pour les fournisseurs &nbsp; &nbsp; Notification d\u2019irr\u00e9gularit\u00e9s &nbsp; &nbsp; RGPD au sein de Bobex &nbsp; Acc\u00e9dez \u00e0 vos donn\u00e9es \u00e0 tout moment Vous disposez, en tant qu\u2019utilisateur Bobex, d\u2019un identifiant [&hellip;]<\/p>\n","protected":false},"author":2,"featured_media":0,"parent":0,"menu_order":0,"comment_status":"closed","ping_status":"closed","template":"","meta":{"footnotes":""},"class_list":["post-4422","page","type-page","status-publish","hentry"],"_links":{"self":[{"href":"https:\/\/www.bobex.be\/fr-be\/wp-json\/wp\/v2\/pages\/4422","targetHints":{"allow":["GET"]}}],"collection":[{"href":"https:\/\/www.bobex.be\/fr-be\/wp-json\/wp\/v2\/pages"}],"about":[{"href":"https:\/\/www.bobex.be\/fr-be\/wp-json\/wp\/v2\/types\/page"}],"author":[{"embeddable":true,"href":"https:\/\/www.bobex.be\/fr-be\/wp-json\/wp\/v2\/users\/2"}],"replies":[{"embeddable":true,"href":"https:\/\/www.bobex.be\/fr-be\/wp-json\/wp\/v2\/comments?post=4422"}],"version-history":[{"count":22,"href":"https:\/\/www.bobex.be\/fr-be\/wp-json\/wp\/v2\/pages\/4422\/revisions"}],"predecessor-version":[{"id":76279,"href":"https:\/\/www.bobex.be\/fr-be\/wp-json\/wp\/v2\/pages\/4422\/revisions\/76279"}],"wp:attachment":[{"href":"https:\/\/www.bobex.be\/fr-be\/wp-json\/wp\/v2\/media?parent=4422"}],"curies":[{"name":"wp","href":"https:\/\/api.w.org\/{rel}","templated":true}]}}