{"id":4349,"date":"2021-06-11T08:46:10","date_gmt":"2021-06-11T08:46:10","guid":{"rendered":"https:\/\/www.bobex.be\/fr-be\/?page_id=4349"},"modified":"2024-08-22T09:46:07","modified_gmt":"2024-08-22T09:46:07","slug":"travailler-chez-bobex","status":"publish","type":"page","link":"https:\/\/www.bobex.be\/fr-be\/travailler-chez-bobex\/","title":{"rendered":"Travailler chez Bobex ? Rejoins notre \u00e9quipe de r\u00eave"},"content":{"rendered":"<section class=\"container my-0 py-5 \">\n<div class=\"col-md-12 mx-0 px-0\">\n<div>Travailler chez Bobex, c&rsquo;est rejoindre une \u00e9quipe joyeuse et dynamique o\u00f9 vous aurez la possibilit\u00e9 de d\u00e9velopper tout votre potentiel.<\/div>\n<\/div>\n<div class=\"row\">\n<div class=\"col-md-8 pr-3\">\n<div>\n<h2>Que fait Bobex ?<\/h2>\n<p>Nous sommes une plateforme de comparaison de devis. Nous aidons les personnes \u00e0 <a href=\"https:\/\/www.bobex.be\/fr-be\/pour-mon-entreprise\/\">trouver le bon fournisseur<\/a> ou prestataire ou, par exemple pour l\u2019installation de panneaux solaires ou des cartes carburant. Comment cela fonctionne-t-il ? Notre \u00e9quipe de marketing \u00e9labore des campagnes en ligne cr\u00e9atives pour attirer les demandeurs de devis. Chaque utilisateur nous communique ce qu\u2019il recherche et notre \u00e9quipe de validation assure un bon \u00ab matching \u00bb avec les entreprises partenaires. Notre \u00e9quipe commerciale s&rsquo;assure que nous ayons toujours les bonnes entreprises dans notre r\u00e9seau pour r\u00e9pondre \u00e0 toutes ces demandes. Enfin, notre \u00e9quipe d\u2019assistance veille \u00e0 ce que tout se passe bien. Nous travaillons donc tous ensemble comme une machine bien huil\u00e9e.<\/p>\n<\/div>\n<div class=\"d-flex flex-row justify-content-center\"><a class=\"bobex-round-cta featured_business_link\" href=\"#vacatures-bobex\">Voir les postes vacants<\/a><\/div>\n<\/div>\n<div class=\"col-md-4 d-flex\"><img alt=\"teamwork-bobex-colors.png\" decoding=\"async\" class=\"m-auto\" style=\"max-height: 300px\" src=\"https:\/\/www.bobex.be\/wp-uploads\/sites\/5\/teamwork-bobex-colors.png\" \/><\/div>\n<\/div>\n<\/section>\n<section style=\"background-color: var(--home-banner-bg)\">\n<div class=\"container my-0- py-5\">\n<div>\n<h2 style=\"margin: unset\">Ce que nous avons \u00e0 offrir<\/h2>\n<\/div>\n<div class=\"row\">\n<div class=\"col-md-6 pe-5\">\n<h3 class=\"mt-5 mb-4\" style=\"color: orangered\"><i class=\"fas fa-check fa-lg mr-2\"><\/i> Notre atout : la flexibilit\u00e9<\/h3>\n<div>Chez Bobex, nous jouons la carte de la flexibilit\u00e9. Ainsi, vous pouvez profiter d\u2019heures de travail modulables. Le plus matinal est d\u00e9j\u00e0 de service \u00e0 7h du matin, mais la majorit\u00e9 de l\u2019\u00e9quipe arrive entre 8h et 9h. G\u00e9n\u00e9ralement, vous travaillez dans un bureau en plein c\u0153ur de Bruxelles. Vous voulez prendre une journ\u00e9e de t\u00e9l\u00e9travail ? Pas de probl\u00e8me. Vous savez mieux que quiconque o\u00f9 et quand vous \u00eates le plus productif et comment fournir un travail de qualit\u00e9.<\/div>\n<\/div>\n<div class=\"col-md-6 pe-5\">\n<h3 class=\"mt-5 mb-4\" style=\"color: orangered\"><i class=\"fas fa-check fa-lg mr-2\"><\/i> Work hard, play hard<\/h3>\n<div>Vous pensiez que le t\u00e9l\u00e9travail \u00e9tait le seul avantage chez Bobex ? C\u2019est que vous n\u2019avez pas encore go\u00fbt\u00e9 \u00e0 notre atmosph\u00e8re d\u2019\u00e9quipe stimulante et enrichissante. Nous alternons le dur labeur \u2013 pour atteindre nos objectifs mensuels \u2013 avec une partie de baby-foot, un lunch d\u2019\u00e9quipe hebdomadaire et une bonne dose d\u2019humour. Sans oublier le meilleur, notre teambuilding annuel !<\/div>\n<\/div>\n<\/div>\n<\/div>\n<\/section>\n<section class=\"d-none d-lg-block\">\n<div class=\"d-flex flex-row\" style=\"width: 100vw\"><img alt=\"bobex-teambuilding-2-e1638435618644.jpg\" decoding=\"async\" style=\"width: 23%\" src=\"https:\/\/www.bobex.be\/wp-uploads\/sites\/2\/bobex-teambuilding-2-e1638435618644.jpg\" \/> <img alt=\"bobex-20km-2022.jpg\" decoding=\"async\" style=\"width: 23%\" src=\"https:\/\/www.bobex.be\/wp-uploads\/sites\/2\/bobex-20km-2022.jpg\" \/> <img alt=\"JL_Audrey-min.jpeg\" decoding=\"async\" style=\"width: 11%\" src=\"https:\/\/www.bobex.be\/wp-uploads\/sites\/5\/JL_Audrey-min.jpeg\" \/> <img alt=\"bobex-teambuilding-1-e1638436026726.jpg\" decoding=\"async\" style=\"width: 18%\" src=\"https:\/\/www.bobex.be\/wp-uploads\/sites\/2\/bobex-teambuilding-1-e1638436026726.jpg\" \/> <img alt=\"about-bobex.jpg\" decoding=\"async\" style=\"width: 25%\" src=\"https:\/\/www.bobex.be\/wp-uploads\/sites\/5\/about-bobex.jpg\" \/><\/div>\n<\/section>\n<section style=\"background-color: var(--bobex-blue)\">\n<div class=\"container my-0 py-5\">\n<div class=\"row align-items-center\">\n<div class=\"col-md-4\">\n<h2 style=\"color: #d1e8f2;margin: unset\">Vous \u00eates aux commandes<\/h2>\n<\/div>\n<div class=\"col-md-6\">\n<p style=\"color: #d1e8f2;margin: unset\">Nous recherchons des entrepreneurs qui en veulent ! Vous avez une id\u00e9e innovante que vous aimeriez tester ? Chez Bobex, vous ne devez pas d&rsquo;abord convaincre 10 managers lors de r\u00e9unions interminables. Les nouvelles initiatives sont accueillies avec enthousiasme et imm\u00e9diatement mises en pratique. Nous sommes comme un laboratoire d\u2019id\u00e9es. Ainsi, vous pourrez vous d\u00e9velopper au maximum de votre potentiel et ensemble, nous ferons passer Bobex au niveau sup\u00e9rieur.<\/p>\n<\/div>\n<\/div>\n<\/div>\n<\/section>\n<section>\n<div id=\"vacatures-bobex\" class=\"container my-0 py-5 d-flex flex-column\">\n<h2>Nos emplois vacants<\/h2>\n<div class=\"row justify-content-center\">\n<div class=\"col-md-8\">\n<table class=\"table\">\n<tbody>\n<tr class=\"clickable\" style=\"background-color: #63b0d1\" data-toggle=\"collapse\" data-target=\"#accordion8\">\n<td class=\"px-0 py-3 d-flex flex-row justify-content-between align-items-center\">\n<h3 id=\"j1\" class=\"my-auto py-0 ml-3\" style=\"color: #fff;font-size: 18px\">Web Application Developer<\/h3>\n<div class=\"my-auto mr-3\"><\/div>\n<\/td>\n<\/tr>\n<tr>\n<td colspan=\"3\">\n<div id=\"accordion8\" class=\"collapse\">\n<h4>Description de la fonction<\/h4>\n<p>Votre r\u00f4le est de d\u00e9velopper, g\u00e9rer, maintenir et \u00e9tendre les fonctionnalit\u00e9s de sites internet et intranet. Ceci implique aussi bien l\u2019analyse, le design, la programmation et la communication en interne. La convivialit\u00e9, la compatibilit\u00e9 multi-navigateurs, l\u2019adaptabilit\u00e9 pour diff\u00e9rentes tailles d\u2019\u00e9crans et l\u2019optimisation pour les moteurs de recherches sont des contraintes fr\u00e9quentes. Plus d&rsquo;informations par rapport \u00e0 ce poste? D\u00e9couvrez tous les d\u00e9tails \u00e0 propos du r\u00f4le de <a href=\"https:\/\/www.bobex.be\/fr-be\/travailler-chez-bobex\/web-application-developer\/\">Web Application Developer.<\/a><\/p>\n<\/div>\n<\/td>\n<\/tr>\n<tr class=\"clickable\" style=\"background-color: #63b0d1\" data-toggle=\"collapse\" data-target=\"#accordion2\">\n<td class=\"px-0 py-3 d-flex flex-row justify-content-between align-items-center\">\n<h3 id=\"j1\" class=\"my-auto py-0 ml-3\" style=\"color: #fff;font-size: 18px\">Account Manager Benelux<\/h3>\n<div class=\"my-auto mr-3\"><\/div>\n<\/td>\n<\/tr>\n<tr>\n<td colspan=\"3\">\n<div id=\"accordion2\" class=\"collapse\">\n<h4>Description de la fonction<\/h4>\n<p>Votre mission comme Account Manager est le d\u00e9veloppement d\u2019un portefeuille clients.Nos clients sont aussi bien des PMEs que des grandes entreprises. Vous organisez pour cela des actions de prospection et proposez ainsi nos solutions aux clients. Vous serez en contact t\u00e9l\u00e9phonique avec plusieurs types de secteurs. Vous \u00e9coutez attentivement les prospects et vous leur offrez des solutions en fonction de leurs besoins et ambitions. Vous parvenez \u00e0 les convaincre des avantages de notre concept unique et vous faites le suivi administratif du contrat. Vous \u00eates \u00e9galement responsable de l\u2019enti\u00e8re satisfaction de votre portefeuille. Vous contactez vosclients r\u00e9guli\u00e8rement et vous leurs offrez des conseils. Vous suivez aussi les diff\u00e9rentes actions avec les \u00e9quipes de marketing. Plus d&rsquo;informations par rapport \u00e0 ce poste? D\u00e9couvrez tous les d\u00e9tails \u00e0 propos du r\u00f4le de <a href=\"https:\/\/www.bobex.be\/fr-be\/travailler-chez-bobex\/account-manager-belgique\/\">Account Manager Belgique.<\/a><\/p>\n<\/div>\n<\/td>\n<\/tr>\n<tr class=\"clickable\" style=\"background-color: #63b0d1\" data-toggle=\"collapse\" data-target=\"#accordion3\">\n<td class=\"px-0 py-3 d-flex flex-row justify-content-between align-items-center\">\n<h3 id=\"j1\" class=\"my-auto py-0 ml-3\" style=\"color: #fff;font-size: 18px\">Online Marketing Specialist<\/h3>\n<div class=\"my-auto mr-3\"><\/div>\n<\/td>\n<\/tr>\n<tr>\n<td colspan=\"3\">\n<div id=\"accordion3\" class=\"collapse\">\n<h4>Description de la fonction<\/h4>\n<p>Au sein de l\u2019\u00e9quipe de marketeurs enthousiastes, Vous r\u00e9digez du contenu qui est optimis\u00e9 pour les moteurs de recherche et les r\u00e9seaux sociaux. Ces textes seront utilis\u00e9s dans nos newsletters, blogs, publicit\u00e9s, landing pages, sites web, communiqu\u00e9 de presse etc.). Vous \u00eates responsable de la r\u00e9daction, mise en page (photos) et l\u2019envoi de nos newsletters. Vous organisez des campagnes e-mailing en utilisant les outils de mailing. Vous g\u00e9rez aussi la conversation avec nos utilisateurs sur les r\u00e9seaux sociaux (Facebook, Twitter, LinkedIn, etc.) et vous contribuez aux projets SEO (search engine optimization). Vous analysez les r\u00e9sultats de vos actions et rapportez \u00e0 notre digital marketing manager. Plus d&rsquo;informations par rapport \u00e0 ce poste? D\u00e9couvrez tous les d\u00e9tails \u00e0 propos du r\u00f4le de <a href=\"https:\/\/www.bobex.be\/fr-be\/travailler-chez-bobex\/online-marketing-specialist\/\">Online Marketing Specialist.<\/a><\/p>\n<\/div>\n<\/td>\n<\/tr>\n<tr class=\"clickable\" style=\"background-color: #63b0d1\" data-toggle=\"collapse\" data-target=\"#accordion4\">\n<td class=\"px-0 py-3 d-flex flex-row justify-content-between align-items-center\">\n<h3 id=\"j1\" class=\"my-auto py-0 ml-3\" style=\"color: #fff;font-size: 18px\">Online Marketing Copywriter<\/h3>\n<div class=\"my-auto mr-3\"><\/div>\n<\/td>\n<\/tr>\n<tr>\n<td colspan=\"3\">\n<div id=\"accordion4\" class=\"collapse\">\n<h4>Description de la fonction<\/h4>\n<p>Nous avons besoin de nouveau contenu chaque jour, et votre mission est de produire des textes qualitatifs et pertinents par rapport aux besoins.Vous nous aiderez principalement \u00e0 r\u00e9diger de nouvelles pages pour notre site web mis \u00e0 jour. Vous effectuez des recherches sur les profils d\u2019entreprises et vous travaillez sur nos projets de SEO. Plus d&rsquo;informations par rapport \u00e0 ce poste? D\u00e9couvrez tous les d\u00e9tails \u00e0 propos du r\u00f4le de <a href=\"https:\/\/www.bobex.be\/fr-be\/travailler-chez-bobex\/online-marketing-copywriter\/\">Online Marketing Copywriter.<\/a><\/p>\n<\/div>\n<\/td>\n<\/tr>\n<tr class=\"clickable\" style=\"background-color: #63b0d1\" data-toggle=\"collapse\" data-target=\"#accordion5\">\n<td class=\"px-0 py-3 d-flex flex-row justify-content-between align-items-center\">\n<h3 id=\"j1\" class=\"my-auto py-0 ml-3\" style=\"color: #fff;font-size: 18px\">Customer Service Agent<\/h3>\n<div class=\"my-auto mr-3\"><\/div>\n<\/td>\n<\/tr>\n<tr>\n<td colspan=\"3\">\n<div id=\"accordion5\" class=\"collapse\">\n<h4>Description de la fonction<\/h4>\n<p>Comme Customer Service Agent, vous occupez un r\u00f4le central dans notre organisation. En effet, vous \u00eates responsables du suivi et du bon d\u00e9roulement des relations entre les acheteurs et les fournisseurs sur notre plateforme. Ainsi vous effectuez des contr\u00f4les de qualit\u00e9 t\u00e9l\u00e9phoniques aupr\u00e8s de nos utilisateurs, afin de les aider \u00e0 bien d\u00e9crire leurs besoins sur notre site web. Vous faites aussi des enqu\u00eates de satisfaction sur l\u2019utilisation de nos services. Vous suivez aussi les diff\u00e9rentes actions de notre service de marketing. Plus d&rsquo;informations par rapport \u00e0 ce poste? D\u00e9couvrez tous les d\u00e9tails \u00e0 propos du r\u00f4le de <a href=\"https:\/\/www.bobex.be\/fr-be\/travailler-chez-bobex\/customer-service-agent\/\">Customer Agent Service.<\/a><\/p>\n<\/div>\n<\/td>\n<\/tr>\n<tr class=\"clickable\" style=\"background-color: #63b0d1\" data-toggle=\"collapse\" data-target=\"#accordion6\">\n<td class=\"px-0 py-3 d-flex flex-row justify-content-between align-items-center\">\n<h3 id=\"j1\" class=\"my-auto py-0 ml-3\" style=\"color: #fff;font-size: 18px\">Job \u00e9tudiant &#8211; Copywriter<\/h3>\n<div class=\"my-auto mr-3\"><\/div>\n<\/td>\n<\/tr>\n<tr>\n<td colspan=\"3\">\n<div id=\"accordion6\" class=\"collapse\">\n<h4>Description de la fonction<\/h4>\n<p>Vous r\u00e9digez des textes optimis\u00e9s pour les moteurs de recherche pour nos diff\u00e9rents m\u00e9dias en ligne (sites web, blogs, pages d\u2019accueil, r\u00e9seaux sociaux, campagnes publicitaires, communiqu\u00e9s de presse, etc). Vous nous aidez principalement \u00e0 \u00e9crire des articles pour notre nouveau site web. Pour ce poste, vous suivez d\u2019abord une courte formation dans nos locaux, apr\u00e8s quoi vous travaillerez \u00e0 votre rythme depuis chez vous. Vous analysez toujours les r\u00e9sultats de votre travail gr\u00e2ce \u00e0 l\u2019outil de conversion dont vous aurez acc\u00e8s. Vous aurez \u00e9galement des feedbacks r\u00e9guliers de votre responsable en digital marketing. De plus, vous \u00eates toujours le bienvenu \u00e0 notre bureau pour en savoir plus sur le monde du marketing en ligne ou simplement demander des conseils. Plus d&rsquo;informations par rapport \u00e0 ce poste? D\u00e9couvrez tous les d\u00e9tails \u00e0 propos du r\u00f4le de <a href=\"https:\/\/www.bobex.be\/fr-be\/travailler-chez-bobex\/job-etudiant-copywriter\/\">Copywriter (job \u00e9tudiant).<\/a><\/p>\n<\/div>\n<\/td>\n<\/tr>\n<tr class=\"clickable\" style=\"background-color: #63b0d1\" data-toggle=\"collapse\" data-target=\"#accordion7\">\n<td class=\"px-0 py-3 d-flex flex-row justify-content-between align-items-center\">\n<h3 id=\"j1\" class=\"my-auto py-0 ml-3\" style=\"color: #fff;font-size: 18px\">Affiliate Marketeer<\/h3>\n<div class=\"my-auto mr-3\"><\/div>\n<\/td>\n<\/tr>\n<tr>\n<td colspan=\"3\">\n<div id=\"accordion7\" class=\"collapse\">\n<h4>Description de la fonction<\/h4>\n<p>Au sein de notre \u00e9quipe de marketeurs enthousiastes, vous g\u00e9rez notre r\u00e9seau de partenaires affili\u00e9s. Vous \u00eates \u00e0 la fois cr\u00e9atif et analytique, vous communiquez rapidement et clairement, et vous r\u00e9solvez les probl\u00e8mes de mani\u00e8re pragmatique.Vous vous occupez du contact avec notre vaste r\u00e9seau de partenaires existants (blogs, \u00e9diteurs, &#8230;) et recherchez de nouveaux partenaires avec qui travailler.Vous cr\u00e9ez vos propres campagnes en ligne de A \u00e0 Z. Vous r\u00e9alisez des pages de conversion, des newsletters et des banni\u00e8res qui convertissent et rapportent des leads. Vous n&rsquo;avez pas peur de n\u00e9gocier pour obtenir le meilleur accord et les budgets marketing \u00e9lev\u00e9s ne vous font pas peur. Vous analyserez toujours les r\u00e9sultats de vos campagnes et ferez un rapport \u00e0 votre digital marketing manager. Plus d&rsquo;informations par rapport \u00e0 ce poste? D\u00e9couvrez tous les d\u00e9tails \u00e0 propos du r\u00f4le de <a href=\"https:\/\/www.bobex.be\/fr-be\/travailler-chez-bobex\/affiliate-marketeer\/\">Affiliate Marketeer.<\/a><\/p>\n<\/div>\n<\/td>\n<\/tr>\n<tr class=\"clickable\" style=\"background-color: #63b0d1\" data-toggle=\"collapse\" data-target=\"#accordion8\">\n<td class=\"px-0 py-3 d-flex flex-row justify-content-between align-items-center\">\n<h3 id=\"j1\" class=\"my-auto py-0 ml-3\" style=\"color: #fff;font-size: 18px\">Full stack Java\/React developer<\/h3>\n<div class=\"my-auto mr-3\"><\/div>\n<\/td>\n<\/tr>\n<tr>\n<td colspan=\"3\">\n<div id=\"accordion8\" class=\"collapse\">\n<h4>Description de la fonction<\/h4>\n<p>Chez Bobex, l\u2019innovation est essentielle. Nous connaissons une croissance rapide et innovons constamment, ce qui n\u00e9cessite de nombreuses connaissances techniques. En collaboration avec l\u2019\u00e9quipe informatique, vous \u00eates amen\u00e9 \u00e0 maintenir Bobex \u00e0 jour avec les derniers d\u00e9veloppements technologiques. Vous travaillez avec Spring Boot et React JS, codez r\u00e9guli\u00e8rement et fournissez des analyses claires. D\u00e9couvrez tous les d\u00e9tails \u00e0 propos du r\u00f4le de <a href=\"https:\/\/www.bobex.be\/fr-be\/full-stack-java-developer\/\">Full stack Java developer<\/a>.<\/p>\n<\/div>\n<\/td>\n<\/tr>\n<\/tbody>\n<\/table>\n<\/div>\n<\/div>\n<\/div>\n<\/section>\n","protected":false},"excerpt":{"rendered":"<p>Travailler chez Bobex, c&rsquo;est rejoindre une \u00e9quipe joyeuse et dynamique o\u00f9 vous aurez la possibilit\u00e9 de d\u00e9velopper tout votre potentiel. Que fait Bobex ? Nous sommes une plateforme de comparaison de devis. Nous aidons les personnes \u00e0 trouver le bon fournisseur ou prestataire ou, par exemple pour l\u2019installation de panneaux solaires ou des cartes carburant. [&hellip;]<\/p>\n","protected":false},"author":2,"featured_media":0,"parent":0,"menu_order":0,"comment_status":"closed","ping_status":"closed","template":"","meta":{"footnotes":""},"class_list":["post-4349","page","type-page","status-publish","hentry"],"_links":{"self":[{"href":"https:\/\/www.bobex.be\/fr-be\/wp-json\/wp\/v2\/pages\/4349","targetHints":{"allow":["GET"]}}],"collection":[{"href":"https:\/\/www.bobex.be\/fr-be\/wp-json\/wp\/v2\/pages"}],"about":[{"href":"https:\/\/www.bobex.be\/fr-be\/wp-json\/wp\/v2\/types\/page"}],"author":[{"embeddable":true,"href":"https:\/\/www.bobex.be\/fr-be\/wp-json\/wp\/v2\/users\/2"}],"replies":[{"embeddable":true,"href":"https:\/\/www.bobex.be\/fr-be\/wp-json\/wp\/v2\/comments?post=4349"}],"version-history":[{"count":9,"href":"https:\/\/www.bobex.be\/fr-be\/wp-json\/wp\/v2\/pages\/4349\/revisions"}],"predecessor-version":[{"id":172642,"href":"https:\/\/www.bobex.be\/fr-be\/wp-json\/wp\/v2\/pages\/4349\/revisions\/172642"}],"wp:attachment":[{"href":"https:\/\/www.bobex.be\/fr-be\/wp-json\/wp\/v2\/media?parent=4349"}],"curies":[{"name":"wp","href":"https:\/\/api.w.org\/{rel}","templated":true}]}}