{"id":4344,"date":"2021-06-11T08:45:55","date_gmt":"2021-06-11T08:45:55","guid":{"rendered":"https:\/\/www.bobex.be\/fr-be\/?page_id=4344"},"modified":"2025-09-29T13:08:29","modified_gmt":"2025-09-29T13:08:29","slug":"bobex-cest-qui","status":"publish","type":"page","link":"https:\/\/www.bobex.be\/fr-be\/bobex-cest-qui\/","title":{"rendered":"Bobex c&rsquo;est qui?"},"content":{"rendered":"<div class=\"container\">\n<p><!-- Heading v1 --><!-- End Heading v1 --><\/p>\n<p><!-- News v7 --><\/p>\n<div class=\"row py-3\">\n<div class=\"col-md-3 md-margin-b-50\">\n<p><!-- News v7 --><\/p>\n<article class=\"py-5 text-center bg-white\" style=\"padding-top: 20px\"><a href=\"#sec1\"><img alt=\"who-is.png\" decoding=\"async\" src=\"https:\/\/www.bobex.be\/images\/who-is.png\" alt=\"\" height=\"150\" \/><\/a><\/p>\n<div class=\"news-v7-content text-center\" style=\"height: 110px\">\n<h2 class=\"news-v7-title\">Qui se cache derri\u00e8re Bobex?<\/h2>\n<\/div>\n<\/article>\n<p><!-- End News v7 --><\/p>\n<\/div>\n<div class=\"col-md-3 md-margin-b-50\">\n<p><!-- News v7 --><\/p>\n<article class=\"py-5 text-center bg-white\" style=\"padding-top: 20px\"><a href=\"#sec2\"><img alt=\"idea.png\" decoding=\"async\" src=\"https:\/\/www.bobex.be\/images\/idea.png\" alt=\"\" height=\"150\" \/><\/a><\/p>\n<div class=\"news-v7-content text-center\" style=\"height: 110px\">\n<h2 class=\"news-v7-title\">Le concept Bobex &#8211; Unique et innovant<\/h2>\n<\/div>\n<\/article>\n<p><!-- End News v7 --><\/p>\n<\/div>\n<div class=\"col-md-3 md-margin-b-50\">\n<p><!-- News v7 --><\/p>\n<article class=\"py-5 text-center bg-white\" style=\"padding-top: 20px\"><a href=\"#sec3\"><img alt=\"diamond.png\" decoding=\"async\" src=\"https:\/\/www.bobex.be\/images\/diamond.png\" alt=\"\" height=\"150\" \/><\/a><\/p>\n<div class=\"news-v7-content text-center\" style=\"height: 110px\">\n<h2 class=\"news-v7-title\">A qui s&rsquo;adresse Bobex?<\/h2>\n<\/div>\n<\/article>\n<p><!-- End News v7 --><\/p>\n<\/div>\n<div class=\"col-md-3 md-margin-b-50\">\n<p><!-- News v7 --><\/p>\n<article class=\"py-5 text-center bg-white\" style=\"padding-top: 20px\"><a href=\"#sec4\"><img alt=\"bobex.png\" decoding=\"async\" src=\"https:\/\/www.bobex.be\/images\/bobex.png\" alt=\"\" height=\"150\" \/><\/a><\/p>\n<div class=\"news-v7-content text-center\" style=\"height: 110px\">\n<h2 class=\"news-v7-title\">Et la signification du nom &#8230;?<\/h2>\n<\/div>\n<\/article>\n<p><!-- End News v7 --><\/p>\n<\/div>\n<p><!--\/\/ end row --><br \/>\n<!-- End News v7 --><\/p>\n<\/div>\n<div id=\"sec1\" class=\"bg-white\">\n<div class=\"py-5 container\">\n<div class=\"row\">\n<div class=\"col-md-3 d-none d-md-block\"><img alt=\"who-is.png\" decoding=\"async\" src=\"https:\/\/www.bobex.be\/images\/who-is.png\" alt=\"\" height=\"150\" \/><\/div>\n<div class=\"col-md-9\">\n<h2>Qui se cache derri\u00e8re Bobex?<\/h2>\n<p>La soci\u00e9t\u00e9 Bobex a \u00e9t\u00e9 fond\u00e9e par Jean-Louis Van Marcke et David Schnall, en 1999. Leur id\u00e9e \u00e9tait simple: \u00abComment pouvons-nous aider les personnes \u00e0 trouver un fournisseur ou artisan rapidement et efficacement?\u00a0\u00bb Il n&rsquo;existait encore aucun concept de ce genre, aucun endroit o\u00f9 il \u00e9tait possible de recevoir plusieurs offres et en faire une \u00e9tude comparative. Leur ambition \u00e9tait d&rsquo;aller au-del\u00e0 des soci\u00e9t\u00e9s annuaires en plein boom dans les ann\u00e9es 80 et au-del\u00e0 des moteurs de recherche, apparus dans les ann\u00e9es 90. Les deux fondateurs voulaient partir des besoins sp\u00e9cifiques d&rsquo;une personne afin de lui offrir une solution sur mesure.<\/p>\n<\/div>\n<\/div>\n<\/div>\n<\/div>\n<div id=\"sec2\" class=\"bg-color-sky-light\">\n<div class=\"py-5 container\">\n<div class=\"row\">\n<div class=\"col-md-9\">\n<h2>Le concept Bobex &#8211; Unique et innovant<\/h2>\n<p>Les fondateurs de Bobex \u00e9taient \u00e0 la recherche d&rsquo;un mod\u00e8le r\u00e9unissant deux acteurs, qui ont g\u00e9n\u00e9ralement difficile \u00e0 se rencontrer. L&rsquo;acheteur a comme objectif de trouver le vendeur parfait, tandis que le second est sans cesse \u00e0 la qu\u00eate de nouveaux clients. Par apr\u00e8s, l&rsquo;id\u00e9e \u00e9tait de cr\u00e9er une sorte de site de rencontre, bas\u00e9 sur l&rsquo;appel d&rsquo;offres. Bobex aide les utilisateurs \u00e0 clarifier leurs besoins, afin d&rsquo;effectuer un \u00ab\u00a0matching\u00a0\u00bb avec les fournisseurs appropri\u00e9s (en fonction des comp\u00e9tences, r\u00e9gions et capacit\u00e9s). Et ainsi commen\u00e7a Bobex&#8230;<\/p>\n<\/div>\n<div class=\"col-md-3\"><img alt=\"idea.png\" decoding=\"async\" class=\"img-responsive text-center\" src=\"https:\/\/www.bobex.be\/images\/idea.png\" alt=\"\" height=\"150\" \/><\/div>\n<\/div>\n<\/div>\n<\/div>\n<div id=\"sec3\" class=\"bg-white\">\n<div class=\"py-5 container\">\n<div class=\"row\">\n<div class=\"col-md-3 d-none d-md-block\"><img alt=\"diamond.png\" decoding=\"async\" src=\"https:\/\/www.bobex.be\/images\/diamond.png\" alt=\"\" height=\"150\" \/><\/div>\n<div class=\"col-md-9\">\n<h2>A qui s&rsquo;adresse Bobex?<\/h2>\n<p>Bobex repr\u00e9sente l&rsquo;esprit d&rsquo;entreprise, la qualit\u00e9 et la durabilit\u00e9. Nous sommes des entrepreneurs, en collaboration avec des entrepreneurs, offrant nos services \u00e0 des entrepreneurs &#8230; Motivation, autonomie, et innovation sont les ma\u00eetres-mots de notre philosophie. Ils font partie de notre ADN. Nous construisons \u00e9galement des relations solides avec nos clients, bas\u00e9es sur la qualit\u00e9 de nos services. Nous instaurons une relation de confiance sur le long terme. De plus, notre \u00e9quipe est fond\u00e9e sur des valeurs fortes, avec des gens ouverts, d\u00e9vou\u00e9s et respectueux.<\/p>\n<\/div>\n<\/div>\n<\/div>\n<\/div>\n<div id=\"sec4\" class=\"bg-color-sky-light\">\n<div class=\"py-5 container\">\n<div class=\"row\">\n<div class=\"col-md-9\">\n<h2>Et la signification du nom &#8230;?<\/h2>\n<p>Le nom Bobex est le r\u00e9sultat de l&rsquo;une des premi\u00e8res campagnes virales (en l&rsquo;an 2000). Nous avons organis\u00e9 un concours pour trouver un nom de marque. Les r\u00e9ponses devaient \u00eatre courtes (5 lettres), impactantes, simples, internationales et \u00e9videmment en prenant en compte la disponibilit\u00e9 du nom de domaine &#8230; Nous avons re\u00e7u plus de 200 propositions dans toute l&rsquo;Europe et le gagnant (Herwig V., un banquier belge d&rsquo;Amsterdam) a remport\u00e9 un Palm Pilot VII. Bobex signifiait \u00e0 l&rsquo;origine \u00ab\u00a0Best of Business EXchange\u00bb, mais entre-temps, c&rsquo;est devenu une marque \u00e0 part enti\u00e8re.<\/p>\n<\/div>\n<div class=\"col-md-3 d-none d-md-block\"><img alt=\"bobex.png\" decoding=\"async\" src=\"https:\/\/www.bobex.be\/images\/bobex.png\" alt=\"\" height=\"150\" \/><\/div>\n<\/div>\n<\/div>\n<\/div>\n<section class=\"bg-white\">\n<div class=\"py-5 container\">\n<div class=\"heading-v1 text-center margin-b-10\">\n<h2 class=\"heading-v1-title\">Ce sont les gens qui font toute la diff\u00e9rence !<\/h2>\n<p class=\"heading-v1-text color-b2c\">\u00ab\u00a0You don&rsquo;t build a business. You build people and then people build the business\u00a0\u00bb (Z. Ziglar)<\/p>\n<\/div>\n<div class=\"row justify-content-center\">\n<div class=\"col-lg-3 col-md-4 col-sm-6\">\n<div class=\"team-v9 text-center\"><img alt=\"1270382_200x200.jpg\" decoding=\"async\" class=\"team-v9-img-wrap radius-circle mb-3\" src=\"https:\/\/www.bobex.be\/images\/team\/blankbg\/1270382_200x200.jpg\" alt=\"\" \/><\/div>\n<\/div>\n<div class=\"col-lg-3 col-md-4 col-sm-6\">\n<div class=\"team-v9 text-center\"><img alt=\"1270386_200x200.jpg\" decoding=\"async\" class=\"team-v9-img-wrap radius-circle mb-3\" src=\"https:\/\/www.bobex.be\/images\/team\/blankbg\/1270386_200x200.jpg\" alt=\"\" \/><\/div>\n<\/div>\n<div class=\"col-lg-3 col-md-4 col-sm-6\">\n<div class=\"team-v9 text-center\"><img alt=\"1270392_200x200.jpg\" decoding=\"async\" class=\"team-v9-img-wrap radius-circle mb-3\" src=\"https:\/\/www.bobex.be\/images\/team\/blankbg\/1270392_200x200.jpg\" alt=\"\" \/><\/div>\n<\/div>\n<div class=\"col-lg-3 col-md-4 col-sm-6\">\n<div class=\"team-v9 text-center\"><img alt=\"P1280528.jpg\" decoding=\"async\" class=\"team-v9-img-wrap radius-circle mb-3\" src=\"https:\/\/www.bobex.be\/images\/team\/blankbg\/P1280528.jpg\" alt=\"\" \/><\/div>\n<\/div>\n<div class=\"col-lg-3 col-md-4 col-sm-6\">\n<div class=\"team-v9 text-center\"><img alt=\"1270413_200x200.jpg\" decoding=\"async\" class=\"team-v9-img-wrap radius-circle mb-3\" src=\"https:\/\/www.bobex.be\/images\/team\/blankbg\/1270413_200x200.jpg\" alt=\"\" \/><\/div>\n<\/div>\n<div class=\"col-lg-3 col-md-4 col-sm-6\">\n<div class=\"team-v9 text-center\"><img alt=\"1270416_200x200.jpg\" decoding=\"async\" class=\"team-v9-img-wrap radius-circle mb-3\" src=\"https:\/\/www.bobex.be\/images\/team\/blankbg\/1270416_200x200.jpg\" alt=\"\" \/><\/div>\n<\/div>\n<div class=\"col-lg-3 col-md-4 col-sm-6\">\n<div class=\"team-v9 text-center\"><img alt=\"1270397_200x200.jpg\" decoding=\"async\" class=\"team-v9-img-wrap radius-circle mb-3\" src=\"https:\/\/www.bobex.be\/images\/team\/blankbg\/1270397_200x200.jpg\" alt=\"\" \/><\/div>\n<\/div>\n<div class=\"col-lg-3 col-md-4 col-sm-6\">\n<div class=\"team-v9 text-center\"><img alt=\"1270409_200x200.jpg\" decoding=\"async\" class=\"team-v9-img-wrap radius-circle mb-3\" src=\"https:\/\/www.bobex.be\/images\/team\/blankbg\/1270409_200x200.jpg\" alt=\"\" \/><\/div>\n<\/div>\n<div class=\"col-lg-3 col-md-4 col-sm-6\">\n<div class=\"team-v9 text-center\"><img alt=\"1270401_200x200.jpg\" decoding=\"async\" class=\"team-v9-img-wrap radius-circle mb-3\" src=\"https:\/\/www.bobex.be\/images\/team\/blankbg\/1270401_200x200.jpg\" alt=\"\" \/><\/div>\n<\/div>\n<div class=\"col-lg-3 col-md-4 col-sm-6\">\n<div class=\"team-v9 text-center\"><img alt=\"12702831_200x200.jpg\" decoding=\"async\" class=\"team-v9-img-wrap radius-circle mb-3\" src=\"https:\/\/www.bobex.be\/images\/team\/blankbg\/12702831_200x200.jpg\" alt=\"\" \/><\/div>\n<\/div>\n<div class=\"col-lg-3 col-md-4 col-sm-6\">\n<div class=\"team-v9 text-center\"><img alt=\"12703250_200x200.jpg\" decoding=\"async\" class=\"team-v9-img-wrap radius-circle mb-3\" src=\"https:\/\/www.bobex.be\/images\/team\/blankbg\/12703250_200x200.jpg\" alt=\"\" \/><\/div>\n<\/div>\n<div class=\"col-lg-3 col-md-4 col-sm-6\">\n<div class=\"team-v9 text-center\"><img alt=\"12703330_200x200.jpg\" decoding=\"async\" class=\"team-v9-img-wrap radius-circle mb-3\" src=\"https:\/\/www.bobex.be\/images\/team\/blankbg\/12703330_200x200.jpg\" alt=\"\" \/><\/div>\n<\/div>\n<div class=\"col-lg-3 col-md-4 col-sm-6\">\n<div class=\"team-v9 text-center\"><img alt=\"20210422-1.jpg\" decoding=\"async\" class=\"team-v9-img-wrap radius-circle mb-3\" src=\"https:\/\/www.bobex.be\/images\/team\/blankbg\/20210422-1.jpg\" alt=\"\" \/><\/div>\n<\/div>\n<div class=\"col-lg-3 col-md-4 col-sm-6\">\n<div class=\"team-v9 text-center\"><img alt=\"P1270589.jpg\" decoding=\"async\" class=\"team-v9-img-wrap radius-circle mb-3\" src=\"https:\/\/www.bobex.be\/images\/team\/blankbg\/P1270589.jpg\" alt=\"\" \/><\/div>\n<\/div>\n<div class=\"col-lg-3 col-md-4 col-sm-6\">\n<div class=\"team-v9 text-center\"><img alt=\"20210422-3.jpg\" decoding=\"async\" class=\"team-v9-img-wrap radius-circle mb-3\" src=\"https:\/\/www.bobex.be\/images\/team\/blankbg\/20210422-3.jpg\" alt=\"\" \/><\/div>\n<\/div>\n<div class=\"col-lg-3 col-md-4 col-sm-6\">\n<div class=\"team-v9 text-center\"><img alt=\"P1270590.jpg\" decoding=\"async\" class=\"team-v9-img-wrap radius-circle mb-3\" src=\"https:\/\/www.bobex.be\/images\/team\/blankbg\/P1270590.jpg\" alt=\"\" \/><\/div>\n<\/div>\n<div class=\"col-lg-3 col-md-4 col-sm-6\">\n<div class=\"team-v9 text-center\"><img alt=\"P1270596.jpg\" decoding=\"async\" class=\"team-v9-img-wrap radius-circle mb-3\" src=\"https:\/\/www.bobex.be\/images\/team\/blankbg\/P1270596.jpg\" alt=\"\" \/><\/div>\n<\/div>\n<div class=\"col-lg-3 col-md-4 col-sm-6\">\n<div class=\"team-v9 text-center\"><img alt=\"20210422-2.jpg\" decoding=\"async\" class=\"team-v9-img-wrap radius-circle mb-3\" src=\"https:\/\/www.bobex.be\/images\/team\/blankbg\/20210422-2.jpg\" alt=\"\" \/><\/div>\n<\/div>\n<div class=\"col-lg-3 col-md-4 col-sm-6\">\n<div class=\"team-v9 text-center\"><img alt=\"1270289_200x200.jpg\" decoding=\"async\" class=\"team-v9-img-wrap radius-circle mb-3\" src=\"https:\/\/www.bobex.be\/images\/team\/blankbg\/1270289_200x200.jpg\" alt=\"\" \/><\/div>\n<\/div>\n<div class=\"col-lg-3 col-md-4 col-sm-6\">\n<div class=\"team-v9 text-center\"><img alt=\"1270297_200x200.jpg\" decoding=\"async\" class=\"team-v9-img-wrap radius-circle mb-3\" src=\"https:\/\/www.bobex.be\/images\/team\/blankbg\/1270297_200x200.jpg\" alt=\"\" \/><\/div>\n<\/div>\n<div class=\"col-lg-3 col-md-4 col-sm-6\">\n<div class=\"team-v9 text-center\"><img alt=\"1270303_200x200.jpg\" decoding=\"async\" class=\"team-v9-img-wrap radius-circle mb-3\" src=\"https:\/\/www.bobex.be\/images\/team\/blankbg\/1270303_200x200.jpg\" alt=\"\" \/><\/div>\n<\/div>\n<div class=\"col-lg-3 col-md-4 col-sm-6\">\n<div class=\"team-v9 text-center\"><img alt=\"1270312_200x200.jpg\" decoding=\"async\" class=\"team-v9-img-wrap radius-circle mb-3\" src=\"https:\/\/www.bobex.be\/images\/team\/blankbg\/1270312_200x200.jpg\" alt=\"\" \/><\/div>\n<\/div>\n<div class=\"col-lg-3 col-md-4 col-sm-6\">\n<div class=\"team-v9 text-center\"><img alt=\"1270315_200x200.jpg\" decoding=\"async\" class=\"team-v9-img-wrap radius-circle mb-3\" src=\"https:\/\/www.bobex.be\/images\/team\/blankbg\/1270315_200x200.jpg\" alt=\"\" \/><\/div>\n<\/div>\n<div class=\"col-lg-3 col-md-4 col-sm-6\">\n<div class=\"team-v9 text-center\"><img alt=\"1270340_200x200.jpg\" decoding=\"async\" class=\"team-v9-img-wrap radius-circle mb-3\" src=\"https:\/\/www.bobex.be\/images\/team\/blankbg\/1270340_200x200.jpg\" alt=\"\" \/><\/div>\n<\/div>\n<div class=\"col-lg-3 col-md-4 col-sm-6\">\n<div class=\"team-v9 text-center\"><img alt=\"1270344_200x200.jpg\" decoding=\"async\" class=\"team-v9-img-wrap radius-circle mb-3\" src=\"https:\/\/www.bobex.be\/images\/team\/blankbg\/1270344_200x200.jpg\" alt=\"\" \/><\/div>\n<\/div>\n<div class=\"col-lg-3 col-md-4 col-sm-6\">\n<div class=\"team-v9 text-center\"><img alt=\"1270349_200x200.jpg\" decoding=\"async\" class=\"team-v9-img-wrap radius-circle mb-3\" src=\"https:\/\/www.bobex.be\/images\/team\/blankbg\/1270349_200x200.jpg\" alt=\"\" \/><\/div>\n<\/div>\n<div class=\"col-lg-3 col-md-4 col-sm-6\">\n<div class=\"team-v9 text-center\"><img alt=\"1270363_200x200.jpg\" decoding=\"async\" class=\"team-v9-img-wrap radius-circle mb-3\" src=\"https:\/\/www.bobex.be\/images\/team\/blankbg\/1270363_200x200.jpg\" alt=\"\" \/><\/div>\n<\/div>\n<div class=\"col-lg-3 col-md-4 col-sm-6\">\n<div class=\"team-v9 text-center\"><img alt=\"1270366_200x200.jpg\" decoding=\"async\" class=\"team-v9-img-wrap radius-circle mb-3\" src=\"https:\/\/www.bobex.be\/images\/team\/blankbg\/1270366_200x200.jpg\" alt=\"\" \/><\/div>\n<\/div>\n<div class=\"col-lg-3 col-md-4 col-sm-6\">\n<div class=\"team-v9 text-center\"><img alt=\"1270374_200x200.jpg\" decoding=\"async\" class=\"team-v9-img-wrap radius-circle mb-3\" src=\"https:\/\/www.bobex.be\/images\/team\/blankbg\/1270374_200x200.jpg\" alt=\"\" \/><\/div>\n<\/div>\n<div class=\"col-lg-3 col-md-4 col-sm-6\">\n<div class=\"team-v9 text-center\"><img alt=\"1270316(0).jpg\" decoding=\"async\" class=\"team-v9-img-wrap radius-circle mb-3\" src=\"https:\/\/www.bobex.be\/images\/team\/blankbg\/1270316(0).jpg\" alt=\"\" \/><\/div>\n<\/div>\n<div class=\"col-lg-3 col-md-4 col-sm-6\">\n<div class=\"team-v9 text-center\"><img alt=\"2020071402.jpg\" decoding=\"async\" class=\"team-v9-img-wrap radius-circle mb-3\" src=\"https:\/\/www.bobex.be\/images\/team\/blankbg\/2020071402.jpg\" alt=\"\" \/><\/div>\n<\/div>\n<div class=\"col-lg-3 col-md-4 col-sm-6\">\n<div class=\"team-v9 text-center\"><img alt=\"20210810-2_200x200.jpg\" decoding=\"async\" class=\"team-v9-img-wrap radius-circle mb-3\" src=\"https:\/\/www.bobex.be\/images\/team\/blankbg\/20210810-2_200x200.jpg\" alt=\"\" \/><\/div>\n<\/div>\n<div class=\"col-lg-3 col-md-4 col-sm-6\">\n<div class=\"team-v9 text-center\"><img alt=\"20210810_200x200.jpg\" decoding=\"async\" class=\"team-v9-img-wrap radius-circle mb-3\" src=\"https:\/\/www.bobex.be\/images\/team\/blankbg\/20210810_200x200.jpg\" alt=\"\" \/><\/div>\n<\/div>\n<div class=\"col-lg-3 col-md-4 col-sm-6\">\n<div class=\"team-v9 text-center\"><img alt=\"Oumaima.png\" decoding=\"async\" class=\"team-v9-img-wrap radius-circle mb-3\" src=\"https:\/\/www.bobex.be\/wp-uploads\/sites\/2\/Oumaima.png\" alt=\"\" \/><\/div>\n<\/div>\n<div class=\"col-lg-3 col-md-4 col-sm-6\">\n<div class=\"team-v9\"><img alt=\"leeg-profiel-fr.png\" decoding=\"async\" class=\"team-v9-img-wrap radius-circle margin-b-20\" src=\"https:\/\/www.bobex.be\/images\/leeg-profiel-fr.png\" alt=\"\" \/><\/div>\n<p><!-- End Team v9 --><\/p>\n<\/div>\n<\/div>\n<\/div>\n<\/div>\n<\/section>\n","protected":false},"excerpt":{"rendered":"<p>Qui se cache derri\u00e8re Bobex? Le concept Bobex &#8211; Unique et innovant A qui s&rsquo;adresse Bobex? Et la signification du nom &#8230;? Qui se cache derri\u00e8re Bobex? La soci\u00e9t\u00e9 Bobex a \u00e9t\u00e9 fond\u00e9e par Jean-Louis Van Marcke et David Schnall, en 1999. Leur id\u00e9e \u00e9tait simple: \u00abComment pouvons-nous aider les personnes \u00e0 trouver un fournisseur [&hellip;]<\/p>\n","protected":false},"author":2,"featured_media":0,"parent":0,"menu_order":0,"comment_status":"closed","ping_status":"closed","template":"","meta":{"footnotes":""},"class_list":["post-4344","page","type-page","status-publish","hentry"],"_links":{"self":[{"href":"https:\/\/www.bobex.be\/fr-be\/wp-json\/wp\/v2\/pages\/4344","targetHints":{"allow":["GET"]}}],"collection":[{"href":"https:\/\/www.bobex.be\/fr-be\/wp-json\/wp\/v2\/pages"}],"about":[{"href":"https:\/\/www.bobex.be\/fr-be\/wp-json\/wp\/v2\/types\/page"}],"author":[{"embeddable":true,"href":"https:\/\/www.bobex.be\/fr-be\/wp-json\/wp\/v2\/users\/2"}],"replies":[{"embeddable":true,"href":"https:\/\/www.bobex.be\/fr-be\/wp-json\/wp\/v2\/comments?post=4344"}],"version-history":[{"count":9,"href":"https:\/\/www.bobex.be\/fr-be\/wp-json\/wp\/v2\/pages\/4344\/revisions"}],"predecessor-version":[{"id":222135,"href":"https:\/\/www.bobex.be\/fr-be\/wp-json\/wp\/v2\/pages\/4344\/revisions\/222135"}],"wp:attachment":[{"href":"https:\/\/www.bobex.be\/fr-be\/wp-json\/wp\/v2\/media?parent=4344"}],"curies":[{"name":"wp","href":"https:\/\/api.w.org\/{rel}","templated":true}]}}