{"id":259,"date":"2021-05-28T14:25:30","date_gmt":"2021-05-28T12:25:30","guid":{"rendered":"http:\/\/192.168.0.131\/bobex-front\/fr\/?page_id=259"},"modified":"2025-02-19T10:59:30","modified_gmt":"2025-02-19T10:59:30","slug":"bobex-cest-quoi","status":"publish","type":"page","link":"https:\/\/www.bobex.be\/fr-be\/bobex-cest-quoi\/","title":{"rendered":"Bobex c&rsquo;est quoi?"},"content":{"rendered":"<div class=\"\">\n<div class=\"content-xs container\">\n<p><!-- Heading v1 --><!-- End Heading v1 --><\/p>\n<div class=\"row mb-2\">\n<div class=\"col-md-3\">\n<article class=\"my-3 text-center bg-white\" style=\"padding-top: 20px\"><a href=\"#sec1\"><br \/>\n<img alt=\"zoek.png\" decoding=\"async\" src=\"https:\/\/www.bobex.be\/images\/zoek.png\" alt=\"\" height=\"150\"><br \/>\n<\/a><\/p>\n<div class=\"mt-2 text-center\" style=\"height: 110px\">\n<h2 class=\"mt-2\">Comment fonctionne Bobex?<\/h2>\n<\/div>\n<\/article>\n<\/div>\n<div class=\"col-md-3\">\n<article class=\"my-3 text-center bg-white\" style=\"padding-top: 20px\"><a href=\"#sec2\"><br \/>\n<img alt=\"birthday-cake.png\" decoding=\"async\" src=\"https:\/\/www.bobex.be\/images\/birthday-cake.png\" alt=\"\" height=\"150\"><br \/>\n<\/a><\/p>\n<div class=\"mt-2 text-center\" style=\"height: 110px\">\n<h2 class=\"mt-2\">21 ans de qualit\u00e9<\/h2>\n<\/div>\n<\/article>\n<p><!-- End News v7 --><\/p>\n<\/div>\n<div class=\"col-md-3\">\n<p><!-- News v7 --><\/p>\n<article class=\"my-3 text-center bg-white\" style=\"padding-top: 20px\"><a href=\"#sec3\"><br \/>\n<img alt=\"rocket-orangebg.png\" decoding=\"async\" src=\"https:\/\/www.bobex.be\/images\/rocket-orangebg.png\" alt=\"\" height=\"150\"><br \/>\n<\/a><\/p>\n<div class=\"mt-2 text-center\" style=\"height: 110px\">\n<h2 class=\"mt-2\">Des devis? Un jeu d&rsquo;enfant<\/h2>\n<\/div>\n<\/article>\n<p><!-- End News v7 --><\/p>\n<\/div>\n<div class=\"col-md-3\">\n<p><!-- News v7 --><\/p>\n<article class=\"my-3 text-center bg-white\" style=\"padding-top: 20px\"><a href=\"#sec4\"><br \/>\n<img alt=\"profits-bobex.png\" decoding=\"async\" src=\"https:\/\/www.bobex.be\/images\/profits-bobex.png\" alt=\"\" height=\"150\"><br \/>\n<\/a><\/p>\n<div class=\"mt-2 text-center\" style=\"height: 110px\">\n<h2 class=\"mt-2\">Progresser avec Bobex<\/h2>\n<\/div>\n<\/article>\n<p><!-- End News v7 --><\/p>\n<\/div>\n<\/div>\n<p><!--\/\/ end row --><br \/>\n<!-- End News v7 --><\/p>\n<\/div>\n<\/div>\n<div id=\"sec1\" class=\"bg-color-sky-light\">\n<div class=\"py-5 container\">\n<div class=\"row\">\n<div class=\"col-md-3 col-12 d-none d-md-block\"><img alt=\"zoek.png\" decoding=\"async\" src=\"https:\/\/www.bobex.be\/images\/zoek.png\" alt=\"\" height=\"150\"><\/div>\n<div class=\"col-md-9\">\n<h2>Comment fonctionne Bobex?<\/h2>\n<p>Bobex est un peu l&rsquo;\u00e9quivalent d&rsquo;un site de rencontre : nous mettons en relation l&rsquo;offre et la demande. Tout le monde peut trouver rapidement le fournisseur ou le prestataire appropri\u00e9 via notre plateforme. Nous traitons plus de 150 cat\u00e9gories : de l&rsquo;isolation aux panneaux solaires, des cartes carburant aux terminaux de paiement. Dites-nous ce que vous recherchez et nous trouvons le bon partenaire pour vous. A la cl\u00e9? Des \u00e9conomies de temps et d&rsquo;argent. Nos services sont gratuits et sans engagement pour les demandeurs (particuliers comme entreprises). Ce sont les fournisseurs qui nous paient en fonction du r\u00e9sultat.<\/p>\n<\/div>\n<\/div>\n<\/div>\n<\/div>\n<div id=\"sec2\" class=\"\">\n<div class=\"py-5 container\">\n<div class=\"row\">\n<div class=\"col-md-3 order-md-last d-none d-md-block\"><img alt=\"birthday-cake.png\" decoding=\"async\" class=\"img-responsive\" src=\"https:\/\/www.bobex.be\/images\/birthday-cake.png\" alt=\"\" height=\"150\"><\/div>\n<div class=\"col-md-9\">\n<h2>21 ans de qualit\u00e9<\/h2>\n<p>Fond\u00e9e \u00e0 la fin de l&rsquo;ann\u00e9e 1999, la soci\u00e9t\u00e9 Bobex est pionni\u00e8re sur le march\u00e9 du lead. Nous sommes le premier comparateur de devis en ligne en Europe. En 2000, nous avons lanc\u00e9 la premi\u00e8re version du site en Belgique. Depuis lors, nous sommes devenus une plate-forme leader au Benelux. Nous avons toujours r\u00e9ussi \u00e0 nous diff\u00e9rencier sur un aspect : notre qualit\u00e9. Chez Bobex, vous avez la garantie d&rsquo;une approche personnalis\u00e9e. Nous contr\u00f4lons toutes les \u00e9tapes du processus tout en s&rsquo;assurant que la demande et l&rsquo;offre se rencontrent.<\/p>\n<\/div>\n<\/div>\n<\/div>\n<\/div>\n<div id=\"sec3\" class=\"bg-color-sky-light\">\n<div class=\"py-5 container\">\n<div class=\"row\">\n<div class=\"col-md-3 col-12 d-none d-md-block\"><img alt=\"rocket-orangebg.png\" decoding=\"async\" class=\"img-responsive\" src=\"https:\/\/www.bobex.be\/images\/rocket-orangebg.png\" alt=\"\" height=\"150\"><\/div>\n<div class=\"col-md-9\">\n<h2>Des devis? Un jeu d&rsquo;enfant<\/h2>\n<p>Comment cela fonctionne exactement? Tout d&rsquo;abord, \u00e0 vous de d\u00e9finir la cat\u00e9gorie qui vous int\u00e9resse dans le cadre de votre projet. Avec plus de 150 cat\u00e9gories, il y a beaucoup de chance de pouvoir r\u00e9pondre \u00e0 vos attentes. Ensuite, vous remplissez le formulaire avec toutes les donn\u00e9es requises. Sur la base de ces donn\u00e9es, notre service client\u00e8le vous mettrons en contact avec les meilleurs partenaires dans les 48h. Ces sp\u00e9cialistes vous offrent un devis personnalis\u00e9 et d\u00e9taill\u00e9. Enfin, il vous suffit de comparer les diff\u00e9rentes offres en fonction du prix et du service. Simple, non?<\/p>\n<\/div>\n<\/div>\n<\/div>\n<\/div>\n<div id=\"sec4\" class=\"\">\n<div class=\"py-5 container\">\n<div class=\"row\">\n<div class=\"col-md-3 order-md-last d-none d-md-block\"><img alt=\"profits-bobex.png\" decoding=\"async\" class=\"img-responsive\" src=\"https:\/\/www.bobex.be\/images\/profits-bobex.png\" alt=\"\" height=\"150\"><\/div>\n<div class=\"col-md-9\">\n<h2>Progresser avec Bobex<\/h2>\n<p>Plus qu&rsquo;une place de march\u00e9 virtuelle, Bobex est un v\u00e9ritable outil de prospection commerciale sur internet. En effet, nous aidons des prestataires \u00e0 trouver facilement de nouveaux clients. Pour cela, nous initions des campagnes de marketing en ligne, afin d&rsquo;attirer des prospects sur notre site web. Nous traitons et validons ensuite chaque demande de ces prospects, afin que celle-ci corresponde aux comp\u00e9tences et aux pr\u00e9f\u00e9rences de chacun de nos prestataires. Nous aidons ainsi des centaines d&rsquo;entreprises \u00e0 progresser et \u00e0 augmenter leur chiffre d&rsquo;affaires. Peut-\u00eatre pouvons-nous \u00e9galement booster votre business?<\/p>\n<\/div>\n<\/div>\n<\/div>\n<\/div>\n<div class=\"bg-color-sky-light\">\n<div class=\" container \">\n<div class=\"py-5 \">\n<div class=\"\">\n<div class=\"heading-v1 text-center mb-2\">\n<h2 class=\"heading-v1-title\">Comparer des devis &#8211; facile &amp; rapide<\/h2>\n<p class=\"heading-v1-text color-b2c\">Le bon prestataire en 3 \u00e9tapes<\/p>\n<\/div>\n<div class=\"row\">\n<div class=\"col-sm-12\">\n<div class=\"\">\n<div class=\"row no-space-row process-v2-border\">\n<div class=\"col-sm-4 mb-sm-4\">\n<div class=\"process-v2\">\n<p>&nbsp;<\/p>\n<h3 class=\"process-v2-title\">D\u00e9crivez votre<br \/>\nprojet<\/h3>\n<p>Soumettez ici votre projet en 1 seul click. Nous le v\u00e9rifions et faisons le <b>meilleur matching<\/b> avec les pros de votre r\u00e9gion.<\/p>\n<\/div>\n<\/div>\n<div class=\"col-sm-4 mb-sm-4\">\n<div class=\"process-v2\">\n<p>&nbsp;<\/p>\n<h3 class=\"process-v2-title\">Comparez des devis et avis<\/h3>\n<p>Les entreprises int\u00e9ress\u00e9es vous contactent et vous font un <strong>devis gratuit<\/strong>. Vous comparez leurs offres et consultez les avis.<\/p>\n<\/div>\n<\/div>\n<div class=\"col-sm-4\">\n<div class=\"process-v2\">\n<p>&nbsp;<\/p>\n<h3 class=\"process-v2-title\">Choisissez<br \/>\net \u00e9conomisez<\/h3>\n<p>Vous \u00eates bien s\u00fbr totalement libre dans votre choix. Vous pourrez \u00e9galement \u00e9valuer les entreprises. Donc <strong>100% transparent et 100% s\u00fbr!<\/strong><\/p>\n<\/div>\n<\/div>\n<\/div>\n<\/div>\n<\/div>\n<\/div>\n<\/div>\n<\/div>\n<\/div>\n<\/div>\n","protected":false},"excerpt":{"rendered":"<p>Comment fonctionne Bobex? 21 ans de qualit\u00e9 Des devis? Un jeu d&rsquo;enfant Progresser avec Bobex Comment fonctionne Bobex? Bobex est un peu l&rsquo;\u00e9quivalent d&rsquo;un site de rencontre : nous mettons en relation l&rsquo;offre et la demande. Tout le monde peut trouver rapidement le fournisseur ou le prestataire appropri\u00e9 via notre plateforme. Nous traitons plus de [&hellip;]<\/p>\n","protected":false},"author":2,"featured_media":0,"parent":0,"menu_order":0,"comment_status":"closed","ping_status":"closed","template":"","meta":{"footnotes":""},"class_list":["post-259","page","type-page","status-publish","hentry"],"_links":{"self":[{"href":"https:\/\/www.bobex.be\/fr-be\/wp-json\/wp\/v2\/pages\/259","targetHints":{"allow":["GET"]}}],"collection":[{"href":"https:\/\/www.bobex.be\/fr-be\/wp-json\/wp\/v2\/pages"}],"about":[{"href":"https:\/\/www.bobex.be\/fr-be\/wp-json\/wp\/v2\/types\/page"}],"author":[{"embeddable":true,"href":"https:\/\/www.bobex.be\/fr-be\/wp-json\/wp\/v2\/users\/2"}],"replies":[{"embeddable":true,"href":"https:\/\/www.bobex.be\/fr-be\/wp-json\/wp\/v2\/comments?post=259"}],"version-history":[{"count":4,"href":"https:\/\/www.bobex.be\/fr-be\/wp-json\/wp\/v2\/pages\/259\/revisions"}],"predecessor-version":[{"id":108563,"href":"https:\/\/www.bobex.be\/fr-be\/wp-json\/wp\/v2\/pages\/259\/revisions\/108563"}],"wp:attachment":[{"href":"https:\/\/www.bobex.be\/fr-be\/wp-json\/wp\/v2\/media?parent=259"}],"curies":[{"name":"wp","href":"https:\/\/api.w.org\/{rel}","templated":true}]}}