{"id":12,"date":"2021-03-24T15:18:18","date_gmt":"2021-03-24T14:18:18","guid":{"rendered":"http:\/\/192.168.0.131\/bobex-front\/fr\/?page_id=12"},"modified":"2024-04-10T09:48:07","modified_gmt":"2024-04-10T09:48:07","slug":"pour-mon-entreprise","status":"publish","type":"page","link":"https:\/\/www.bobex.be\/fr-be\/pour-mon-entreprise\/","title":{"rendered":"Trouvez\u00a0le bon fournisseur pour votre entreprise"},"content":{"rendered":"\n<p>Vous \u00eates \u00e0 la recherche d&rsquo;un fournisseur pour votre entreprise ? Trouver le bon fournisseur peut \u00eatre essentiel pour assurer le bon fonctionnement de votre activit\u00e9. Voici quelques conseils pour vous guider dans votre d\u00e9marche, et d\u00e9couvrez comment <strong>Bobex<\/strong>, <strong>r\u00e9f\u00e9rence europ\u00e9enne<\/strong> de comparaison de devis, peut vous aider \u00e0 gagner du temps, et de l&rsquo;argent.<\/p>\n\n\n\n<h2 class=\"wp-block-heading\">Comment faire pour trouver un fournisseur ? Annuaires et plateformes sp\u00e9cialis\u00e9es<\/h2>\n\n\n\n<p>Il existe plusieurs m\u00e9thodes efficaces pour trouver un fournisseur adapt\u00e9 \u00e0 vos besoins.<\/p>\n\n\n\n<ul class=\"wp-block-list\">\n<li>Tout d&rsquo;abord, vous pouvez utiliser des annuaires professionnels en ligne tels que Pages Jaunes, Kompass ou Europages. Ces plateformes regroupent de nombreuses entreprises dans diff\u00e9rents secteurs, ce qui facilite votre recherche.<\/li>\n\n\n\n<li>Vous pouvez \u00e9galement effectuer des recherches sur les moteurs de recherche, en utilisant des mots-cl\u00e9s pertinents li\u00e9s \u00e0 votre secteur d&rsquo;activit\u00e9 et \u00e0 votre r\u00e9gion. Parcourez les r\u00e9sultats de recherche pour d\u00e9couvrir des sites web d&rsquo;entreprises qui pourraient correspondre \u00e0 vos besoins.<\/li>\n\n\n\n<li>La plateforme Bobex vous met en contact direct avec des fournisseurs de confiance. Fort de plus de 22 ans d&rsquo;exp\u00e9rience, Bobex a construit un r\u00e9seau solide de fournisseurs, d&rsquo;installateurs et de professionnels du b\u00e2timent. Cette entreprise s\u00e9lectionne ses partenaires avec soin en mettant l&rsquo;accent sur la qualit\u00e9 des services propos\u00e9s. Chaque prestataire est \u00e9galement \u00e9valu\u00e9 par les utilisateurs \u00e0 l&rsquo;aide d&rsquo;avis positif ou n\u00e9gatif suite \u00e0 leurs exp\u00e9riences.<\/li>\n<\/ul>\n\n\n\n<h3 class=\"wp-block-heading\">Que vous soyez une petite, moyenne, ou grande entreprise : comment trouver des fournisseurs fiables ?&nbsp;<\/h3>\n\n\n\n<p>La fiabilit\u00e9 des fournisseurs est primordiale pour assurer la qualit\u00e9 des produits ou services que vous recevez. Pour trouver des bons fournisseurs fiables, au juste prix, vous pouvez demander des recommandations \u00e0 votre r\u00e9seau professionnel, vos coll\u00e8gues ou vos partenaires commerciaux.<\/p>\n\n\n\n<blockquote class=\"wp-block-quote is-layout-flow wp-block-quote-is-layout-flow\">\n<p>Les recommandations personnelles sont souvent pr\u00e9cieuses. Vous pouvez \u00e9galement utiliser les r\u00e9seaux sociaux professionnels tels que LinkedIn pour \u00e9largir votre r\u00e9seau et entrer en contact avec des fournisseurs potentiels. De plus, vous pouvez consulter des annuaires professionnels sp\u00e9cialis\u00e9s dans votre secteur d&rsquo;activit\u00e9, ce qui vous permettra de cibler des fournisseurs ayant une expertise sp\u00e9cifique dans votre domaine.<\/p>\n\n\n\n<p><strong><em>Jean-louis Van Marcke &#8211; CEO @Bobex&nbsp;<\/em><\/strong><\/p>\n<\/blockquote>\n\n\n\n<h2 class=\"wp-block-heading\">Comment prendre contact avec un fournisseur, ou un grossiste ?<\/h2>\n\n\n\n<p>Une fois que vous avez identifi\u00e9 des fournisseurs potentiels, il est important d&rsquo;\u00e9tablir un premier contact. Vous pouvez envoyer une demande d&rsquo;informations (RFI) pour en savoir plus sur les services, les qualifications et les produits propos\u00e9s par ces fournisseurs.<\/p>\n\n\n\n<p>Une demande d&rsquo;informations est un document envoy\u00e9 \u00e0 plusieurs fournisseurs pour recueillir des informations d\u00e9taill\u00e9es. Vous pouvez personnaliser votre demande d&rsquo;informations en posant les questions les plus pertinentes pour votre entreprise. Cette \u00e9tape vous permettra de mieux \u00e9valuer les fournisseurs et de choisir celui qui correspond le mieux \u00e0 vos besoins.<\/p>\n\n\n\n<p>En tant qu&rsquo;interm\u00e9diaire neutre, Bobex met en relation les utilisateurs avec des fournisseurs qualifi\u00e9s et fiables. L&rsquo;objectif est de proposer un \u00ab\u00a0matching parfait\u00a0\u00bb entre l&rsquo;offre et la demande. Pour cela, les experts Bobex analysent les besoins des utilisateurs en posant des questions cibl\u00e9es dans les formulaires. Ensuite, ils recherchent des entreprises appropri\u00e9es en fonction des comp\u00e9tences et de la r\u00e9gion, assurant ainsi une correspondance optimale.<\/p>\n\n\n\n<p>&nbsp;Toutes les donn\u00e9es des fournisseurs Bobex sont v\u00e9rifi\u00e9es m\u00e9ticuleusement dans la base de donn\u00e9es Graydon Creditsafe afin de proposer un service sans faille. Gr\u00e2ce au syst\u00e8me d&rsquo;\u00e9valuation, les entreprises recevant une majorit\u00e9 de notes faibles ou d&rsquo;avis n\u00e9gatifs, peuvent \u00eatre exclues de la plateforme afin de ne vous proposer que les meilleurs sp\u00e9cialistes, au meilleur prix.<\/p>\n\n\n\n<p>En suivant ces conseils et en utilisant les ressources disponibles, vous pourrez facilement r\u00e9aliser votre \u00e9tude de march\u00e9, trouver rapidement un fournisseur adapt\u00e9 \u00e0 vos besoins et \u00e9tablir des relations solides avec des partenaires fiables pour votre entreprise.<\/p>\n\n\n\n<h2 class=\"wp-block-heading\">Comment conna\u00eetre les fournisseurs d&rsquo;une entreprise concurrente ?<\/h2>\n\n\n\n<p>Si vous souhaitez conna\u00eetre les fournisseurs d&rsquo;une entreprise concurrente, et ses prix, vous pouvez effectuer des recherches sur Internet pour obtenir des informations publiques sur les partenaires commerciaux ou les fournisseurs de cette entreprise. Cela peut vous donner une id\u00e9e des acteurs cl\u00e9s de votre secteur d&rsquo;activit\u00e9 et vous aider dans votre propre recherche de fournisseurs.<\/p>\n","protected":false},"excerpt":{"rendered":"<p>Vous \u00eates \u00e0 la recherche d&rsquo;un fournisseur pour votre entreprise ? Trouver le bon fournisseur peut \u00eatre essentiel pour assurer le bon fonctionnement de votre activit\u00e9. Voici quelques conseils pour vous guider dans votre d\u00e9marche, et d\u00e9couvrez comment Bobex, r\u00e9f\u00e9rence europ\u00e9enne de comparaison de devis, peut vous aider \u00e0 gagner du temps, et de l&rsquo;argent. [&hellip;]<\/p>\n","protected":false},"author":2,"featured_media":58609,"parent":0,"menu_order":0,"comment_status":"closed","ping_status":"closed","template":"template-b2c-b2b.php","meta":{"footnotes":""},"class_list":["post-12","page","type-page","status-publish","has-post-thumbnail","hentry"],"_links":{"self":[{"href":"https:\/\/www.bobex.be\/fr-be\/wp-json\/wp\/v2\/pages\/12","targetHints":{"allow":["GET"]}}],"collection":[{"href":"https:\/\/www.bobex.be\/fr-be\/wp-json\/wp\/v2\/pages"}],"about":[{"href":"https:\/\/www.bobex.be\/fr-be\/wp-json\/wp\/v2\/types\/page"}],"author":[{"embeddable":true,"href":"https:\/\/www.bobex.be\/fr-be\/wp-json\/wp\/v2\/users\/2"}],"replies":[{"embeddable":true,"href":"https:\/\/www.bobex.be\/fr-be\/wp-json\/wp\/v2\/comments?post=12"}],"version-history":[{"count":4,"href":"https:\/\/www.bobex.be\/fr-be\/wp-json\/wp\/v2\/pages\/12\/revisions"}],"predecessor-version":[{"id":162187,"href":"https:\/\/www.bobex.be\/fr-be\/wp-json\/wp\/v2\/pages\/12\/revisions\/162187"}],"wp:featuredmedia":[{"embeddable":true,"href":"https:\/\/www.bobex.be\/fr-be\/wp-json\/wp\/v2\/media\/58609"}],"wp:attachment":[{"href":"https:\/\/www.bobex.be\/fr-be\/wp-json\/wp\/v2\/media?parent=12"}],"curies":[{"name":"wp","href":"https:\/\/api.w.org\/{rel}","templated":true}]}}