{"id":118073,"date":"2022-11-16T07:48:45","date_gmt":"2022-11-16T07:48:45","guid":{"rendered":"https:\/\/www.bobex.be\/fr-be\/?page_id=118073"},"modified":"2022-11-16T11:22:30","modified_gmt":"2022-11-16T11:22:30","slug":"full-stack-java-developer","status":"publish","type":"page","link":"https:\/\/www.bobex.be\/fr-be\/travailler-chez-bobex\/full-stack-java-developer\/","title":{"rendered":"Full Stack Java &#8211; React Developer"},"content":{"rendered":"<div class=\"bg-white mt-4\">\n<section class=\"container\">\n<div class=\"row\">\n<div class=\"col-md-8\">\n<h2>Que fait Bobex ?<\/h2>\n<p>Bobex (www.bobex.be) est <strong>une place de march\u00e9 en ligne<\/strong>. Nous favorisons la rencontre entre l&rsquo;offre et la demande. Les particuliers font des demandes de devis sur mesure pour toutes sortes de produits ou services (par exemple, des panneaux solaires, des adoucisseurs d&rsquo;eau&#8230;). Les fournisseurs et les sp\u00e9cialistes (= nos clients) indiquent \u00e0 leur tour ce qu&rsquo;ils font et ce qu&rsquo;ils recherchent exactement. Bobex se charge du \u00ab\u00a0<strong>matching<\/strong>\u00a0\u00bb id\u00e9al entre les particuliers (ou entreprises) et les fournisseurs.<\/p>\n<\/div>\n<\/div>\n<\/section>\n<\/div>\n<div style=\"background-color: var(--home-banner-bg)\">\n<section class=\"container mt-0 mb-0 pt-5 pb-5\">\n<div class=\"row\">\n<div class=\"col-md-8\">\n<h2>Description de la fonction<\/h2>\n<p>Chez Bobex, l\u2019<strong>innovation est essentielle<\/strong>. Nous connaissons une croissance rapide et innovons constamment, ce qui n\u00e9cessite de nombreuses connaissances techniques. En collaboration avec l\u2019\u00e9quipe informatique, vous \u00eates amen\u00e9 \u00e0 maintenir Bobex \u00e0 jour avec les <strong>derniers d\u00e9veloppements technologiques<\/strong>. Vous travaillez avec <strong>Spring Boot et React JS, codez r\u00e9guli\u00e8rement<\/strong> et fournissez des <strong>analyses claires<\/strong>.<\/p>\n<\/div>\n<div class=\"d-none d-lg-block col-md-4\" style=\"margin-top: -180px\"><img alt=\"teamwork-bobex-colors.png\" decoding=\"async\" src=\"https:\/\/www.bobex.be\/wp-uploads\/sites\/2\/teamwork-bobex-colors.png\"><\/div>\n<\/div>\n<\/section>\n<\/div>\n<div class=\"bg-white\">\n<section class=\"container mt-0 mb-0 pt-5 pb-5\">\n<div class=\"col-md-12\">\n<h2>Votre profil<\/h2>\n<ul>\n<li>Vous \u00eates un <strong>accro de l\u2019IT<\/strong> avec une approche pragmatique. Vous ne sentez pas le besoin de r\u00e9inventer la roue \u00e0 chaque occasion.<\/li>\n<li>Vous avez <strong> entre 1 \u00e0 3 ans d\u2019exp\u00e9rience<\/strong> en programmation RESTful, Java et React (Spring ou Spring Boot, React.js).<\/li>\n<li>Vous jonglez avec des bases <strong>SQL<\/strong> (Oracle ou MySQL) et <strong>l\u2019HTML, le CSS et javascript<\/strong> sont comme une langue maternelle pour vous. Vous vous amusez \u00e0 essayer plusieurs framework (Bootstrap, spring MVC, \u2026).<\/li>\n<li>Vous faites <strong>preuve d\u2019initiative<\/strong>, avez l\u2019\u0153il pour le d\u00e9tail, savez respecter des deadlines, travailler sous pression et \u00eates capable d\u2019effectuer plusieurs t\u00e2ches \u00e0 la fois.<\/li>\n<li>Vous mettez vos <strong>connaissances constamment \u00e0 jour<\/strong>, concernant le web, les frameworks et logiciels.<\/li>\n<\/ul>\n<\/div>\n<\/section>\n<\/div>\n<div style=\"background-color: var(--home-banner-bg)\">\n<section class=\"container mt-0 mb-0 pt-5 pb-5\">\n<div class=\"col-md-12\">\n<h2>Offre et avantages<\/h2>\n<ul>\n<li>Nous vous offrons la possibilit\u00e9 de rejoindre une <strong>\u00e9quipe dynamique, passionn\u00e9e et internationale<\/strong> dans le monde passionnant de l&rsquo;Internet.<\/li>\n<li>Bobex est un laboratoire en <strong>constante \u00e9volution<\/strong>, vous aurez la possibilit\u00e9 d\u2019apporter vos id\u00e9es et de d\u00e9velopper pleinement vos comp\u00e9tences dans une soci\u00e9t\u00e9 ouverte.<\/li>\n<li>Nous offrons des <strong>formations<\/strong> internes ou externes si vous n\u2019avez pas toute l\u2019exp\u00e9rience requise.<\/li>\n<li>Nous vous offrons non seulement un salaire comp\u00e9titif, mais aussi <strong>un plan de bonus tr\u00e8s attractif<\/strong> et des opportunit\u00e9s d\u2019\u00e9volution au sein du groupe.<\/li>\n<li>Vous avez la possibilit\u00e9 de <strong>travailler \u00e0 domicile<\/strong>, et vous b\u00e9n\u00e9ficiez \u00e9galement d&rsquo;<strong>horaires flexibles.<\/strong><\/li>\n<li>Vous utiliserez les <strong>derni\u00e8res infrastructures informatiques<\/strong> : PC portable rapide, double \u00e9cran g\u00e9ant, &#8230;<\/li>\n<li>Vous b\u00e9n\u00e9ficierez \u00e9galement d&rsquo;une <strong>indemnit\u00e9<\/strong> de transport, d&rsquo;un plan pension et d&rsquo;autres avantages int\u00e9ressants.<\/li>\n<li>Vous profiterez \u00e9galement d&rsquo;une <strong>ambiance de travail tr\u00e8s agr\u00e9able<\/strong>, d&rsquo;un d\u00e9jeuner hebdomadaire avec toute l&rsquo;\u00e9quipe, de fruits frais et des teambuildings inoubliables.<\/li>\n<\/ul>\n<\/div>\n<\/section>\n<\/div>\n<div class=\"bg-white\">\n<section class=\"container mt-0 mb-0 pt-5 pb-5\">\n<div class=\"row align-items-center\">\n<div class=\"col-md-4 h1 m-0\" style=\"color: #10375e\">Le job est fait pour vous ?<\/div>\n<div class=\"col-md-8\" style=\"color: orangered;font-size: 20px\">Contactez-nous (CV + lettre de motivation) : jobs@bobex.com<\/div>\n<\/div>\n<\/section>\n<\/div>\n<div style=\"background-color: var(--home-banner-bg)\">\n<section class=\"container mt-0 mb-0 pt-5 pb-5\">\n<div class=\"row\">\n<div class=\"d-flex justify-content-center\"><a class=\"bobex-round-cta featured_business_link\" href=\"https:\/\/www.bobex.be\/fr-be\/travailler-chez-bobex\/\">Aper\u00e7u des jobs disponibles<\/a><\/div>\n<\/div>\n<\/section>\n<\/div>\n","protected":false},"excerpt":{"rendered":"<p>Que fait Bobex ? Bobex (www.bobex.be) est une place de march\u00e9 en ligne. Nous favorisons la rencontre entre l&rsquo;offre et la demande. Les particuliers font des demandes de devis sur mesure pour toutes sortes de produits ou services (par exemple, des panneaux solaires, des adoucisseurs d&rsquo;eau&#8230;). Les fournisseurs et les sp\u00e9cialistes (= nos clients) indiquent [&hellip;]<\/p>\n","protected":false},"author":133,"featured_media":0,"parent":4349,"menu_order":0,"comment_status":"closed","ping_status":"closed","template":"","meta":{"footnotes":""},"class_list":["post-118073","page","type-page","status-publish","hentry"],"_links":{"self":[{"href":"https:\/\/www.bobex.be\/fr-be\/wp-json\/wp\/v2\/pages\/118073","targetHints":{"allow":["GET"]}}],"collection":[{"href":"https:\/\/www.bobex.be\/fr-be\/wp-json\/wp\/v2\/pages"}],"about":[{"href":"https:\/\/www.bobex.be\/fr-be\/wp-json\/wp\/v2\/types\/page"}],"author":[{"embeddable":true,"href":"https:\/\/www.bobex.be\/fr-be\/wp-json\/wp\/v2\/users\/133"}],"replies":[{"embeddable":true,"href":"https:\/\/www.bobex.be\/fr-be\/wp-json\/wp\/v2\/comments?post=118073"}],"version-history":[{"count":9,"href":"https:\/\/www.bobex.be\/fr-be\/wp-json\/wp\/v2\/pages\/118073\/revisions"}],"predecessor-version":[{"id":118346,"href":"https:\/\/www.bobex.be\/fr-be\/wp-json\/wp\/v2\/pages\/118073\/revisions\/118346"}],"up":[{"embeddable":true,"href":"https:\/\/www.bobex.be\/fr-be\/wp-json\/wp\/v2\/pages\/4349"}],"wp:attachment":[{"href":"https:\/\/www.bobex.be\/fr-be\/wp-json\/wp\/v2\/media?parent=118073"}],"curies":[{"name":"wp","href":"https:\/\/api.w.org\/{rel}","templated":true}]}}